{"id":510,"date":"2024-04-22T10:13:06","date_gmt":"2024-04-22T08:13:06","guid":{"rendered":"https:\/\/fioultech.com\/?page_id=510"},"modified":"2024-10-14T14:27:21","modified_gmt":"2024-10-14T12:27:21","slug":"sortie-cuve-de-terre","status":"publish","type":"page","link":"https:\/\/fioultech.fr\/?page_id=510","title":{"rendered":"Sortie cuve de terre"},"content":{"rendered":"\t\t<div data-elementor-type=\"wp-page\" data-elementor-id=\"510\" class=\"elementor elementor-510\" data-elementor-post-type=\"page\">\n\t\t\t\t<div class=\"elementor-element elementor-element-f24afed e-flex e-con-boxed e-con e-parent\" data-id=\"f24afed\" data-element_type=\"container\">\n\t\t\t\t\t<div class=\"e-con-inner\">\n\t\t\t\t<div class=\"elementor-element elementor-element-fab98db elementor-widget elementor-widget-spacer\" data-id=\"fab98db\" data-element_type=\"widget\" data-widget_type=\"spacer.default\">\n\t\t\t\t<div class=\"elementor-widget-container\">\n\t\t\t<style>\/*! elementor - v3.21.0 - 18-04-2024 *\/\n.elementor-column .elementor-spacer-inner{height:var(--spacer-size)}.e-con{--container-widget-width:100%}.e-con-inner>.elementor-widget-spacer,.e-con>.elementor-widget-spacer{width:var(--container-widget-width,var(--spacer-size));--align-self:var(--container-widget-align-self,initial);--flex-shrink:0}.e-con-inner>.elementor-widget-spacer>.elementor-widget-container,.e-con>.elementor-widget-spacer>.elementor-widget-container{height:100%;width:100%}.e-con-inner>.elementor-widget-spacer>.elementor-widget-container>.elementor-spacer,.e-con>.elementor-widget-spacer>.elementor-widget-container>.elementor-spacer{height:100%}.e-con-inner>.elementor-widget-spacer>.elementor-widget-container>.elementor-spacer>.elementor-spacer-inner,.e-con>.elementor-widget-spacer>.elementor-widget-container>.elementor-spacer>.elementor-spacer-inner{height:var(--container-widget-height,var(--spacer-size))}.e-con-inner>.elementor-widget-spacer.elementor-widget-empty,.e-con>.elementor-widget-spacer.elementor-widget-empty{position:relative;min-height:22px;min-width:22px}.e-con-inner>.elementor-widget-spacer.elementor-widget-empty .elementor-widget-empty-icon,.e-con>.elementor-widget-spacer.elementor-widget-empty .elementor-widget-empty-icon{position:absolute;top:0;bottom:0;left:0;right:0;margin:auto;padding:0;width:22px;height:22px}<\/style>\t\t<div class=\"elementor-spacer\">\n\t\t\t<div class=\"elementor-spacer-inner\"><\/div>\n\t\t<\/div>\n\t\t\t\t<\/div>\n\t\t\t\t<\/div>\n\t\t\t\t\t<\/div>\n\t\t\t\t<\/div>\n\t\t<div class=\"elementor-element elementor-element-d1e975c e-flex e-con-boxed e-con e-parent\" data-id=\"d1e975c\" data-element_type=\"container\">\n\t\t\t\t\t<div class=\"e-con-inner\">\n\t\t\t\t<div class=\"elementor-element elementor-element-52794ea elementor-widget elementor-widget-text-editor\" data-id=\"52794ea\" data-element_type=\"widget\" data-widget_type=\"text-editor.default\">\n\t\t\t\t<div class=\"elementor-widget-container\">\n\t\t\t<style>\/*! elementor - v3.21.0 - 18-04-2024 *\/\n.elementor-widget-text-editor.elementor-drop-cap-view-stacked .elementor-drop-cap{background-color:#69727d;color:#fff}.elementor-widget-text-editor.elementor-drop-cap-view-framed .elementor-drop-cap{color:#69727d;border:3px solid;background-color:transparent}.elementor-widget-text-editor:not(.elementor-drop-cap-view-default) .elementor-drop-cap{margin-top:8px}.elementor-widget-text-editor:not(.elementor-drop-cap-view-default) .elementor-drop-cap-letter{width:1em;height:1em}.elementor-widget-text-editor .elementor-drop-cap{float:left;text-align:center;line-height:1;font-size:50px}.elementor-widget-text-editor .elementor-drop-cap-letter{display:inline-block}<\/style>\t\t\t\t<p>Si vous ne souhaitez pas remplir votre cuve enterr\u00e9e de b\u00e9ton dans votre jardin, nous pouvons vous proposer de la sortir de terre, de l&rsquo;acheminer en centre de ferraillage et de remblayer le trou avec tout remblai de tout-venant et\/ou terre v\u00e9g\u00e9tale.\u00a0<\/p><p>Suite \u00e0 cela, nous vous fournissons un certificat de conformit\u00e9 prouvant que votre installation est conforme.<\/p>\t\t\t\t\t\t<\/div>\n\t\t\t\t<\/div>\n\t\t\t\t\t<\/div>\n\t\t\t\t<\/div>\n\t\t<div class=\"elementor-element elementor-element-44b5549d e-con-full e-flex e-con e-parent\" data-id=\"44b5549d\" data-element_type=\"container\" data-settings=\"{&quot;background_background&quot;:&quot;classic&quot;}\">\n\t\t<div class=\"elementor-element elementor-element-45f2372a e-con-full e-flex e-con e-child\" data-id=\"45f2372a\" data-element_type=\"container\">\n\t\t\t\t<div class=\"elementor-element elementor-element-66ad1819 elementor-widget-tablet__width-initial elementor-widget-mobile__width-inherit elementor-widget__width-initial elementor-position-top elementor-widget elementor-widget-image-box\" data-id=\"66ad1819\" data-element_type=\"widget\" data-widget_type=\"image-box.default\">\n\t\t\t\t<div class=\"elementor-widget-container\">\n\t\t\t<style>\/*! elementor - v3.21.0 - 18-04-2024 *\/\n.elementor-widget-image-box .elementor-image-box-content{width:100%}@media (min-width:768px){.elementor-widget-image-box.elementor-position-left .elementor-image-box-wrapper,.elementor-widget-image-box.elementor-position-right .elementor-image-box-wrapper{display:flex}.elementor-widget-image-box.elementor-position-right .elementor-image-box-wrapper{text-align:end;flex-direction:row-reverse}.elementor-widget-image-box.elementor-position-left .elementor-image-box-wrapper{text-align:start;flex-direction:row}.elementor-widget-image-box.elementor-position-top .elementor-image-box-img{margin:auto}.elementor-widget-image-box.elementor-vertical-align-top .elementor-image-box-wrapper{align-items:flex-start}.elementor-widget-image-box.elementor-vertical-align-middle .elementor-image-box-wrapper{align-items:center}.elementor-widget-image-box.elementor-vertical-align-bottom .elementor-image-box-wrapper{align-items:flex-end}}@media (max-width:767px){.elementor-widget-image-box .elementor-image-box-img{margin-left:auto!important;margin-right:auto!important;margin-bottom:15px}}.elementor-widget-image-box .elementor-image-box-img{display:inline-block}.elementor-widget-image-box .elementor-image-box-title a{color:inherit}.elementor-widget-image-box .elementor-image-box-wrapper{text-align:center}.elementor-widget-image-box .elementor-image-box-description{margin:0}<\/style><div class=\"elementor-image-box-wrapper\"><figure class=\"elementor-image-box-img\"><img fetchpriority=\"high\" decoding=\"async\" width=\"1920\" height=\"2560\" src=\"https:\/\/fioultech.fr\/wp-content\/uploads\/2-01-scaled.jpg\" class=\"elementor-animation-grow attachment-full size-full wp-image-1417\" alt=\"\" srcset=\"https:\/\/fioultech.fr\/wp-content\/uploads\/2-01-scaled.jpg 1920w, https:\/\/fioultech.fr\/wp-content\/uploads\/2-01-225x300.jpg 225w, https:\/\/fioultech.fr\/wp-content\/uploads\/2-01-768x1024.jpg 768w, https:\/\/fioultech.fr\/wp-content\/uploads\/2-01-1152x1536.jpg 1152w, https:\/\/fioultech.fr\/wp-content\/uploads\/2-01-1536x2048.jpg 1536w\" sizes=\"(max-width: 1920px) 100vw, 1920px\" \/><\/figure><\/div>\t\t<\/div>\n\t\t\t\t<\/div>\n\t\t\t\t<div class=\"elementor-element elementor-element-52b41156 elementor-widget-tablet__width-initial elementor-widget-mobile__width-inherit elementor-widget__width-initial elementor-position-top elementor-widget elementor-widget-image-box\" data-id=\"52b41156\" data-element_type=\"widget\" data-widget_type=\"image-box.default\">\n\t\t\t\t<div class=\"elementor-widget-container\">\n\t\t\t<div class=\"elementor-image-box-wrapper\"><figure class=\"elementor-image-box-img\"><img decoding=\"async\" width=\"2560\" height=\"1920\" src=\"https:\/\/fioultech.fr\/wp-content\/uploads\/2-05-scaled.jpg\" class=\"elementor-animation-grow attachment-full size-full wp-image-409\" alt=\"\" srcset=\"https:\/\/fioultech.fr\/wp-content\/uploads\/2-05-scaled.jpg 2560w, https:\/\/fioultech.fr\/wp-content\/uploads\/2-05-300x225.jpg 300w, https:\/\/fioultech.fr\/wp-content\/uploads\/2-05-1024x768.jpg 1024w, https:\/\/fioultech.fr\/wp-content\/uploads\/2-05-768x576.jpg 768w, https:\/\/fioultech.fr\/wp-content\/uploads\/2-05-1536x1152.jpg 1536w, https:\/\/fioultech.fr\/wp-content\/uploads\/2-05-2048x1536.jpg 2048w\" sizes=\"(max-width: 2560px) 100vw, 2560px\" \/><\/figure><\/div>\t\t<\/div>\n\t\t\t\t<\/div>\n\t\t\t\t<div class=\"elementor-element elementor-element-74f2efa8 elementor-widget-tablet__width-initial elementor-widget-mobile__width-inherit elementor-widget__width-initial elementor-position-top elementor-widget elementor-widget-image-box\" data-id=\"74f2efa8\" data-element_type=\"widget\" data-widget_type=\"image-box.default\">\n\t\t\t\t<div class=\"elementor-widget-container\">\n\t\t\t<div class=\"elementor-image-box-wrapper\"><figure class=\"elementor-image-box-img\"><img decoding=\"async\" width=\"2560\" height=\"1920\" src=\"https:\/\/fioultech.fr\/wp-content\/uploads\/2-03-scaled.jpg\" class=\"elementor-animation-grow attachment-full size-full wp-image-394\" alt=\"\" srcset=\"https:\/\/fioultech.fr\/wp-content\/uploads\/2-03-scaled.jpg 2560w, https:\/\/fioultech.fr\/wp-content\/uploads\/2-03-300x225.jpg 300w, https:\/\/fioultech.fr\/wp-content\/uploads\/2-03-1024x768.jpg 1024w, https:\/\/fioultech.fr\/wp-content\/uploads\/2-03-768x576.jpg 768w, https:\/\/fioultech.fr\/wp-content\/uploads\/2-03-1536x1152.jpg 1536w, https:\/\/fioultech.fr\/wp-content\/uploads\/2-03-2048x1536.jpg 2048w\" sizes=\"(max-width: 2560px) 100vw, 2560px\" \/><\/figure><\/div>\t\t<\/div>\n\t\t\t\t<\/div>\n\t\t\t\t<\/div>\n\t\t\t\t<\/div>\n\t\t<div class=\"elementor-element elementor-element-6349bfc e-flex e-con-boxed e-con e-parent\" data-id=\"6349bfc\" data-element_type=\"container\">\n\t\t\t\t\t<div class=\"e-con-inner\">\n\t\t\t\t<div class=\"elementor-element elementor-element-f078125 elementor-widget elementor-widget-text-editor\" data-id=\"f078125\" data-element_type=\"widget\" data-widget_type=\"text-editor.default\">\n\t\t\t\t<div class=\"elementor-widget-container\">\n\t\t\t\t\t\t\t<p><strong>\u26a0\ufe0f Savez vous que vous pouvez b\u00e9n\u00e9ficier d&rsquo;aides ainsi que d&rsquo;une TVA r\u00e9duite \u00a0pour l&rsquo;enl\u00e8vement de votre citerne \u00a0: contactez nous pour plus de renseignements<\/strong><\/p>\t\t\t\t\t\t<\/div>\n\t\t\t\t<\/div>\n\t\t\t\t\t<\/div>\n\t\t\t\t<\/div>\n\t\t<div class=\"elementor-element elementor-element-2af6f6e e-flex e-con-boxed e-con e-parent\" data-id=\"2af6f6e\" data-element_type=\"container\">\n\t\t\t\t\t<div class=\"e-con-inner\">\n\t\t\t\t<div class=\"elementor-element elementor-element-54ec577 elementor-align-center elementor-widget elementor-widget-button\" data-id=\"54ec577\" data-element_type=\"widget\" data-widget_type=\"button.default\">\n\t\t\t\t<div class=\"elementor-widget-container\">\n\t\t\t\t\t<div class=\"elementor-button-wrapper\">\n\t\t\t<a class=\"elementor-button elementor-button-link elementor-size-sm\" href=\"https:\/\/fioultech.fr\/?page_id=478\">\n\t\t\t\t\t\t<span class=\"elementor-button-content-wrapper\">\n\t\t\t\t\t\t\t\t\t<span class=\"elementor-button-text\">Contactez nous<\/span>\n\t\t\t\t\t<\/span>\n\t\t\t\t\t<\/a>\n\t\t<\/div>\n\t\t\t\t<\/div>\n\t\t\t\t<\/div>\n\t\t\t\t\t<\/div>\n\t\t\t\t<\/div>\n\t\t\t\t<\/div>\n\t\t","protected":false},"excerpt":{"rendered":"<p>Si vous ne souhaitez pas remplir votre cuve enterr\u00e9e de b\u00e9ton dans votre jardin, nous pouvons vous proposer de la sortir de terre, de l&rsquo;acheminer en centre de ferraillage et de remblayer le trou avec tout remblai de tout-venant et\/ou terre v\u00e9g\u00e9tale.\u00a0 Suite \u00e0 cela, nous vous fournissons un certificat de conformit\u00e9 prouvant que votre [&hellip;]<\/p>\n","protected":false},"author":1,"featured_media":0,"parent":484,"menu_order":0,"comment_status":"closed","ping_status":"closed","template":"","meta":{"_uag_custom_page_level_css":"","footnotes":""},"class_list":["post-510","page","type-page","status-publish","hentry"],"uagb_featured_image_src":{"full":false,"thumbnail":false,"medium":false,"medium_large":false,"large":false,"1536x1536":false,"2048x2048":false},"uagb_author_info":{"display_name":"Fioultech","author_link":"https:\/\/fioultech.fr\/?author=1"},"uagb_comment_info":0,"uagb_excerpt":"Si vous ne souhaitez pas remplir votre cuve enterr\u00e9e de b\u00e9ton dans votre jardin, nous pouvons vous proposer de la sortir de terre, de l&rsquo;acheminer en centre de ferraillage et de remblayer le trou avec tout remblai de tout-venant et\/ou terre v\u00e9g\u00e9tale.\u00a0 Suite \u00e0 cela, nous vous fournissons un certificat de conformit\u00e9 prouvant que votre\u2026","_links":{"self":[{"href":"https:\/\/fioultech.fr\/index.php?rest_route=\/wp\/v2\/pages\/510","targetHints":{"allow":["GET"]}}],"collection":[{"href":"https:\/\/fioultech.fr\/index.php?rest_route=\/wp\/v2\/pages"}],"about":[{"href":"https:\/\/fioultech.fr\/index.php?rest_route=\/wp\/v2\/types\/page"}],"author":[{"embeddable":true,"href":"https:\/\/fioultech.fr\/index.php?rest_route=\/wp\/v2\/users\/1"}],"replies":[{"embeddable":true,"href":"https:\/\/fioultech.fr\/index.php?rest_route=%2Fwp%2Fv2%2Fcomments&post=510"}],"version-history":[{"count":28,"href":"https:\/\/fioultech.fr\/index.php?rest_route=\/wp\/v2\/pages\/510\/revisions"}],"predecessor-version":[{"id":2542,"href":"https:\/\/fioultech.fr\/index.php?rest_route=\/wp\/v2\/pages\/510\/revisions\/2542"}],"up":[{"embeddable":true,"href":"https:\/\/fioultech.fr\/index.php?rest_route=\/wp\/v2\/pages\/484"}],"wp:attachment":[{"href":"https:\/\/fioultech.fr\/index.php?rest_route=%2Fwp%2Fv2%2Fmedia&parent=510"}],"curies":[{"name":"wp","href":"https:\/\/api.w.org\/{rel}","templated":true}]}}