{"id":486,"date":"2024-04-22T10:05:07","date_gmt":"2024-04-22T08:05:07","guid":{"rendered":"https:\/\/fioultech.com\/?page_id=486"},"modified":"2024-07-18T14:53:29","modified_gmt":"2024-07-18T12:53:29","slug":"autres-prestations-fioul","status":"publish","type":"page","link":"https:\/\/fioultech.fr\/?page_id=486","title":{"rendered":"Autres prestations fioul"},"content":{"rendered":"\t\t<div data-elementor-type=\"wp-page\" data-elementor-id=\"486\" class=\"elementor elementor-486\" data-elementor-post-type=\"page\">\n\t\t\t\t<div class=\"elementor-element elementor-element-886f652 e-flex e-con-boxed e-con e-parent\" data-id=\"886f652\" data-element_type=\"container\">\n\t\t\t\t\t<div class=\"e-con-inner\">\n\t\t\t\t<div class=\"elementor-element elementor-element-f142ed1 elementor-widget elementor-widget-spacer\" data-id=\"f142ed1\" data-element_type=\"widget\" data-widget_type=\"spacer.default\">\n\t\t\t\t<div class=\"elementor-widget-container\">\n\t\t\t<style>\/*! elementor - v3.21.0 - 18-04-2024 *\/\n.elementor-column .elementor-spacer-inner{height:var(--spacer-size)}.e-con{--container-widget-width:100%}.e-con-inner>.elementor-widget-spacer,.e-con>.elementor-widget-spacer{width:var(--container-widget-width,var(--spacer-size));--align-self:var(--container-widget-align-self,initial);--flex-shrink:0}.e-con-inner>.elementor-widget-spacer>.elementor-widget-container,.e-con>.elementor-widget-spacer>.elementor-widget-container{height:100%;width:100%}.e-con-inner>.elementor-widget-spacer>.elementor-widget-container>.elementor-spacer,.e-con>.elementor-widget-spacer>.elementor-widget-container>.elementor-spacer{height:100%}.e-con-inner>.elementor-widget-spacer>.elementor-widget-container>.elementor-spacer>.elementor-spacer-inner,.e-con>.elementor-widget-spacer>.elementor-widget-container>.elementor-spacer>.elementor-spacer-inner{height:var(--container-widget-height,var(--spacer-size))}.e-con-inner>.elementor-widget-spacer.elementor-widget-empty,.e-con>.elementor-widget-spacer.elementor-widget-empty{position:relative;min-height:22px;min-width:22px}.e-con-inner>.elementor-widget-spacer.elementor-widget-empty .elementor-widget-empty-icon,.e-con>.elementor-widget-spacer.elementor-widget-empty .elementor-widget-empty-icon{position:absolute;top:0;bottom:0;left:0;right:0;margin:auto;padding:0;width:22px;height:22px}<\/style>\t\t<div class=\"elementor-spacer\">\n\t\t\t<div class=\"elementor-spacer-inner\"><\/div>\n\t\t<\/div>\n\t\t\t\t<\/div>\n\t\t\t\t<\/div>\n\t\t\t\t\t<\/div>\n\t\t\t\t<\/div>\n\t\t<div class=\"elementor-element elementor-element-932bfbf e-flex e-con-boxed e-con e-parent\" data-id=\"932bfbf\" data-element_type=\"container\">\n\t\t\t\t\t<div class=\"e-con-inner\">\n\t\t\t\t<div class=\"elementor-element elementor-element-d41515d elementor-widget elementor-widget-text-editor\" data-id=\"d41515d\" data-element_type=\"widget\" data-widget_type=\"text-editor.default\">\n\t\t\t\t<div class=\"elementor-widget-container\">\n\t\t\t<style>\/*! elementor - v3.21.0 - 18-04-2024 *\/\n.elementor-widget-text-editor.elementor-drop-cap-view-stacked .elementor-drop-cap{background-color:#69727d;color:#fff}.elementor-widget-text-editor.elementor-drop-cap-view-framed .elementor-drop-cap{color:#69727d;border:3px solid;background-color:transparent}.elementor-widget-text-editor:not(.elementor-drop-cap-view-default) .elementor-drop-cap{margin-top:8px}.elementor-widget-text-editor:not(.elementor-drop-cap-view-default) .elementor-drop-cap-letter{width:1em;height:1em}.elementor-widget-text-editor .elementor-drop-cap{float:left;text-align:center;line-height:1;font-size:50px}.elementor-widget-text-editor .elementor-drop-cap-letter{display:inline-block}<\/style>\t\t\t\t<p>Depuis ces 30 ann\u00e9es, nous avons pu acqu\u00e9rir de l&rsquo;exp\u00e9rience et un savoir faire dans le domaine de la citerne fioul. Nous pouvons ainsi vous proposer des prestations en plus de celles d\u00e9crites auparavant :\u00a0<\/p>\t\t\t\t\t\t<\/div>\n\t\t\t\t<\/div>\n\t\t\t\t\t<\/div>\n\t\t\t\t<\/div>\n\t\t<div class=\"elementor-element elementor-element-7c7e3ea8 e-flex e-con-boxed e-con e-parent\" data-id=\"7c7e3ea8\" data-element_type=\"container\" data-settings=\"{&quot;background_background&quot;:&quot;classic&quot;}\">\n\t\t\t\t\t<div class=\"e-con-inner\">\n\t\t<div class=\"elementor-element elementor-element-290de7d e-con-full e-flex e-con e-child\" data-id=\"290de7d\" data-element_type=\"container\">\n\t\t\t\t<div class=\"elementor-element elementor-element-7eb723e7 elementor-widget__width-initial elementor-invisible elementor-widget elementor-widget-heading\" data-id=\"7eb723e7\" data-element_type=\"widget\" data-settings=\"{&quot;_animation&quot;:&quot;fadeIn&quot;}\" data-widget_type=\"heading.default\">\n\t\t\t\t<div class=\"elementor-widget-container\">\n\t\t\t<style>\/*! elementor - v3.21.0 - 18-04-2024 *\/\n.elementor-heading-title{padding:0;margin:0;line-height:1}.elementor-widget-heading .elementor-heading-title[class*=elementor-size-]>a{color:inherit;font-size:inherit;line-height:inherit}.elementor-widget-heading .elementor-heading-title.elementor-size-small{font-size:15px}.elementor-widget-heading .elementor-heading-title.elementor-size-medium{font-size:19px}.elementor-widget-heading .elementor-heading-title.elementor-size-large{font-size:29px}.elementor-widget-heading .elementor-heading-title.elementor-size-xl{font-size:39px}.elementor-widget-heading .elementor-heading-title.elementor-size-xxl{font-size:59px}<\/style><h2 class=\"elementor-heading-title elementor-size-default\">Installation de cuves Double enveloppe<\/h2>\t\t<\/div>\n\t\t\t\t<\/div>\n\t\t\t\t<div class=\"elementor-element elementor-element-5d899f41 elementor-widget__width-initial elementor-widget elementor-widget-text-editor\" data-id=\"5d899f41\" data-element_type=\"widget\" data-widget_type=\"text-editor.default\">\n\t\t\t\t<div class=\"elementor-widget-container\">\n\t\t\t\t\t\t\t<p>Pour gagner de la place ou rendre conforme une installation, nous vous proposons des cuves double enveloppe de 700 \u00e0 2000L \u00e9quip\u00e9es de d\u00e9tecteur de fuite, bac de r\u00e9tention, jauge de niveau et pour certains, un traitement anti-uv<br \/>Nos fournisseurs : <strong>ROTH et Eurolentz<\/strong><\/p>\t\t\t\t\t\t<\/div>\n\t\t\t\t<\/div>\n\t\t\t\t<\/div>\n\t\t<div class=\"elementor-element elementor-element-752058b4 e-con-full e-flex e-con e-child\" data-id=\"752058b4\" data-element_type=\"container\">\n\t\t\t\t<div class=\"elementor-element elementor-element-381b73c0 elementor-widget elementor-widget-image\" data-id=\"381b73c0\" data-element_type=\"widget\" data-widget_type=\"image.default\">\n\t\t\t\t<div class=\"elementor-widget-container\">\n\t\t\t<style>\/*! elementor - v3.21.0 - 18-04-2024 *\/\n.elementor-widget-image{text-align:center}.elementor-widget-image a{display:inline-block}.elementor-widget-image a img[src$=\".svg\"]{width:48px}.elementor-widget-image img{vertical-align:middle;display:inline-block}<\/style>\t\t\t\t\t\t\t\t\t\t<img fetchpriority=\"high\" decoding=\"async\" width=\"600\" height=\"600\" src=\"https:\/\/fioultech.fr\/wp-content\/uploads\/u.jpg\" class=\"attachment-full size-full wp-image-2090\" alt=\"\" srcset=\"https:\/\/fioultech.fr\/wp-content\/uploads\/u.jpg 600w, https:\/\/fioultech.fr\/wp-content\/uploads\/u-300x300.jpg 300w, https:\/\/fioultech.fr\/wp-content\/uploads\/u-150x150.jpg 150w\" sizes=\"(max-width: 600px) 100vw, 600px\" \/>\t\t\t\t\t\t\t\t\t\t\t\t\t<\/div>\n\t\t\t\t<\/div>\n\t\t\t\t<\/div>\n\t\t\t\t\t<\/div>\n\t\t\t\t<\/div>\n\t\t<div class=\"elementor-element elementor-element-2097a805 e-flex e-con-boxed e-con e-parent\" data-id=\"2097a805\" data-element_type=\"container\" data-settings=\"{&quot;background_background&quot;:&quot;classic&quot;}\">\n\t\t\t\t\t<div class=\"e-con-inner\">\n\t\t<div class=\"elementor-element elementor-element-5bc762f e-con-full e-flex e-con e-child\" data-id=\"5bc762f\" data-element_type=\"container\">\n\t\t\t\t<div class=\"elementor-element elementor-element-350b5bb5 elementor-invisible elementor-widget elementor-widget-heading\" data-id=\"350b5bb5\" data-element_type=\"widget\" data-settings=\"{&quot;_animation&quot;:&quot;fadeIn&quot;}\" data-widget_type=\"heading.default\">\n\t\t\t\t<div class=\"elementor-widget-container\">\n\t\t\t<h2 class=\"elementor-heading-title elementor-size-default\">Pompage, filtration et transfert de fioul<\/h2>\t\t<\/div>\n\t\t\t\t<\/div>\n\t\t\t\t<div class=\"elementor-element elementor-element-42bfdf54 elementor-widget elementor-widget-text-editor\" data-id=\"42bfdf54\" data-element_type=\"widget\" data-widget_type=\"text-editor.default\">\n\t\t\t\t<div class=\"elementor-widget-container\">\n\t\t\t\t\t\t\t<p>Lors d&rsquo;un changement de mode de chauffage, il peut vous rester du fioul dans votre citerne. Nous vous proposons de le transf\u00e9rer (apr\u00e8s filtration) \u00e0 une ou plusieurs adresses via notre camion p\u00e9trolier \u00e9quip\u00e9 d&rsquo;un volucompteur.<\/p>\t\t\t\t\t\t<\/div>\n\t\t\t\t<\/div>\n\t\t\t\t<\/div>\n\t\t<div class=\"elementor-element elementor-element-87aa1d5 e-con-full e-flex e-con e-child\" data-id=\"87aa1d5\" data-element_type=\"container\">\n\t\t\t\t<div class=\"elementor-element elementor-element-2f5ac07f elementor-widget elementor-widget-image\" data-id=\"2f5ac07f\" data-element_type=\"widget\" data-widget_type=\"image.default\">\n\t\t\t\t<div class=\"elementor-widget-container\">\n\t\t\t\t\t\t\t\t\t\t\t\t\t<img decoding=\"async\" width=\"800\" height=\"800\" src=\"https:\/\/fioultech.fr\/wp-content\/uploads\/1-1024x1024.png\" class=\"attachment-large size-large wp-image-2222\" alt=\"\" srcset=\"https:\/\/fioultech.fr\/wp-content\/uploads\/1-1024x1024.png 1024w, https:\/\/fioultech.fr\/wp-content\/uploads\/1-300x300.png 300w, https:\/\/fioultech.fr\/wp-content\/uploads\/1-150x150.png 150w, https:\/\/fioultech.fr\/wp-content\/uploads\/1-768x768.png 768w, https:\/\/fioultech.fr\/wp-content\/uploads\/1.png 1080w\" sizes=\"(max-width: 800px) 100vw, 800px\" \/>\t\t\t\t\t\t\t\t\t\t\t\t\t<\/div>\n\t\t\t\t<\/div>\n\t\t\t\t<\/div>\n\t\t\t\t\t<\/div>\n\t\t\t\t<\/div>\n\t\t<div class=\"elementor-element elementor-element-35e030c2 e-flex e-con-boxed e-con e-parent\" data-id=\"35e030c2\" data-element_type=\"container\" data-settings=\"{&quot;background_background&quot;:&quot;classic&quot;}\">\n\t\t\t\t\t<div class=\"e-con-inner\">\n\t\t<div class=\"elementor-element elementor-element-492540b3 e-con-full e-flex e-con e-child\" data-id=\"492540b3\" data-element_type=\"container\">\n\t\t\t\t<div class=\"elementor-element elementor-element-42705e0a elementor-invisible elementor-widget elementor-widget-heading\" data-id=\"42705e0a\" data-element_type=\"widget\" data-settings=\"{&quot;_animation&quot;:&quot;fadeIn&quot;}\" data-widget_type=\"heading.default\">\n\t\t\t\t<div class=\"elementor-widget-container\">\n\t\t\t<h2 class=\"elementor-heading-title elementor-size-default\">Test d'\u00e9tanch\u00e9it\u00e9 <\/h2>\t\t<\/div>\n\t\t\t\t<\/div>\n\t\t\t\t<div class=\"elementor-element elementor-element-1a24d975 elementor-widget elementor-widget-text-editor\" data-id=\"1a24d975\" data-element_type=\"widget\" data-widget_type=\"text-editor.default\">\n\t\t\t\t<div class=\"elementor-widget-container\">\n\t\t\t\t\t\t\t<p>Malgr\u00e9 une inspection visuelle, votre cuve peut \u00eatre ab\u00eem\u00e9e. Pour v\u00e9rifier totalement son \u00e9tanch\u00e9it\u00e9, nous vous proposons d&rsquo;effectuer un test de votre citerne simple enveloppe ou double enveloppe.<\/p>\n<p>Pour effectuer le test en fonction de votre cuve,<span style=\"letter-spacing: 0px; text-align: var(--text-align);\"> nous la mettons en pression ou d\u00e9pression pour voir son \u00e9tanch\u00e9it\u00e9.<\/span><\/p>\t\t\t\t\t\t<\/div>\n\t\t\t\t<\/div>\n\t\t\t\t<\/div>\n\t\t<div class=\"elementor-element elementor-element-4b392e26 e-con-full e-flex e-con e-child\" data-id=\"4b392e26\" data-element_type=\"container\">\n\t\t\t\t<div class=\"elementor-element elementor-element-1ac75f07 elementor-widget elementor-widget-image\" data-id=\"1ac75f07\" data-element_type=\"widget\" data-widget_type=\"image.default\">\n\t\t\t\t<div class=\"elementor-widget-container\">\n\t\t\t\t\t\t\t\t\t\t\t\t\t<img decoding=\"async\" width=\"1080\" height=\"1080\" src=\"https:\/\/fioultech.fr\/wp-content\/uploads\/2.png\" class=\"attachment-full size-full wp-image-2223\" alt=\"\" srcset=\"https:\/\/fioultech.fr\/wp-content\/uploads\/2.png 1080w, https:\/\/fioultech.fr\/wp-content\/uploads\/2-300x300.png 300w, https:\/\/fioultech.fr\/wp-content\/uploads\/2-1024x1024.png 1024w, https:\/\/fioultech.fr\/wp-content\/uploads\/2-150x150.png 150w, https:\/\/fioultech.fr\/wp-content\/uploads\/2-768x768.png 768w\" sizes=\"(max-width: 1080px) 100vw, 1080px\" \/>\t\t\t\t\t\t\t\t\t\t\t\t\t<\/div>\n\t\t\t\t<\/div>\n\t\t\t\t<\/div>\n\t\t\t\t\t<\/div>\n\t\t\t\t<\/div>\n\t\t<div class=\"elementor-element elementor-element-4f013f29 e-flex e-con-boxed e-con e-parent\" data-id=\"4f013f29\" data-element_type=\"container\" data-settings=\"{&quot;background_background&quot;:&quot;classic&quot;}\">\n\t\t\t\t\t<div class=\"e-con-inner\">\n\t\t<div class=\"elementor-element elementor-element-6ca2cf43 e-con-full e-flex e-con e-child\" data-id=\"6ca2cf43\" data-element_type=\"container\">\n\t\t\t\t<div class=\"elementor-element elementor-element-28057ab4 elementor-widget__width-initial elementor-invisible elementor-widget elementor-widget-heading\" data-id=\"28057ab4\" data-element_type=\"widget\" data-settings=\"{&quot;_animation&quot;:&quot;fadeIn&quot;}\" data-widget_type=\"heading.default\">\n\t\t\t\t<div class=\"elementor-widget-container\">\n\t\t\t<h2 class=\"elementor-heading-title elementor-size-default\">Installation de pompes, stations gasoil et GNR <\/h2>\t\t<\/div>\n\t\t\t\t<\/div>\n\t\t\t\t<div class=\"elementor-element elementor-element-62a128de elementor-widget elementor-widget-text-editor\" data-id=\"62a128de\" data-element_type=\"widget\" data-widget_type=\"text-editor.default\">\n\t\t\t\t<div class=\"elementor-widget-container\">\n\t\t\t\t\t\t\t<p>L&rsquo;installation des pompes, stations gasoil et GNR sont \u00e9quip\u00e9s d&rsquo;un compteur et d&rsquo;un syst\u00e8me de reconnaissance par badges.&nbsp;<\/p>\t\t\t\t\t\t<\/div>\n\t\t\t\t<\/div>\n\t\t\t\t<\/div>\n\t\t<div class=\"elementor-element elementor-element-2c46a859 e-con-full e-flex e-con e-child\" data-id=\"2c46a859\" data-element_type=\"container\">\n\t\t\t\t<div class=\"elementor-element elementor-element-a21ec60 elementor-widget elementor-widget-image\" data-id=\"a21ec60\" data-element_type=\"widget\" data-widget_type=\"image.default\">\n\t\t\t\t<div class=\"elementor-widget-container\">\n\t\t\t\t\t\t\t\t\t\t\t\t\t<img loading=\"lazy\" decoding=\"async\" width=\"768\" height=\"768\" src=\"https:\/\/fioultech.fr\/wp-content\/uploads\/Image-13-768x768.jpeg\" class=\"attachment-medium_large size-medium_large wp-image-1466\" alt=\"\" srcset=\"https:\/\/fioultech.fr\/wp-content\/uploads\/Image-13-768x768.jpeg 768w, https:\/\/fioultech.fr\/wp-content\/uploads\/Image-13-300x300.jpeg 300w, https:\/\/fioultech.fr\/wp-content\/uploads\/Image-13-1024x1024.jpeg 1024w, https:\/\/fioultech.fr\/wp-content\/uploads\/Image-13-150x150.jpeg 150w, https:\/\/fioultech.fr\/wp-content\/uploads\/Image-13.jpeg 1200w\" sizes=\"(max-width: 768px) 100vw, 768px\" \/>\t\t\t\t\t\t\t\t\t\t\t\t\t<\/div>\n\t\t\t\t<\/div>\n\t\t\t\t<\/div>\n\t\t\t\t\t<\/div>\n\t\t\t\t<\/div>\n\t\t<div class=\"elementor-element elementor-element-62311c2d e-flex e-con-boxed e-con e-parent\" data-id=\"62311c2d\" data-element_type=\"container\" data-settings=\"{&quot;background_background&quot;:&quot;classic&quot;}\">\n\t\t\t\t\t<div class=\"e-con-inner\">\n\t\t<div class=\"elementor-element elementor-element-5491acaf e-con-full e-flex e-con e-child\" data-id=\"5491acaf\" data-element_type=\"container\">\n\t\t\t\t<div class=\"elementor-element elementor-element-b338d5d elementor-widget elementor-widget-heading\" data-id=\"b338d5d\" data-element_type=\"widget\" data-widget_type=\"heading.default\">\n\t\t\t\t<div class=\"elementor-widget-container\">\n\t\t\t<h2 class=\"elementor-heading-title elementor-size-default\">Installation d'\u00e9quipements sur votre cuve :<\/h2>\t\t<\/div>\n\t\t\t\t<\/div>\n\t\t\t\t<\/div>\n\t\t<div class=\"elementor-element elementor-element-3065aac7 e-con-full e-flex e-con e-child\" data-id=\"3065aac7\" data-element_type=\"container\">\n\t\t\t\t<div class=\"elementor-element elementor-element-207dc902 elementor-widget-tablet__width-initial elementor-widget-mobile__width-inherit elementor-widget__width-initial elementor-position-top elementor-widget elementor-widget-image-box\" data-id=\"207dc902\" data-element_type=\"widget\" data-widget_type=\"image-box.default\">\n\t\t\t\t<div class=\"elementor-widget-container\">\n\t\t\t<style>\/*! elementor - v3.21.0 - 18-04-2024 *\/\n.elementor-widget-image-box .elementor-image-box-content{width:100%}@media (min-width:768px){.elementor-widget-image-box.elementor-position-left .elementor-image-box-wrapper,.elementor-widget-image-box.elementor-position-right .elementor-image-box-wrapper{display:flex}.elementor-widget-image-box.elementor-position-right .elementor-image-box-wrapper{text-align:end;flex-direction:row-reverse}.elementor-widget-image-box.elementor-position-left .elementor-image-box-wrapper{text-align:start;flex-direction:row}.elementor-widget-image-box.elementor-position-top .elementor-image-box-img{margin:auto}.elementor-widget-image-box.elementor-vertical-align-top .elementor-image-box-wrapper{align-items:flex-start}.elementor-widget-image-box.elementor-vertical-align-middle .elementor-image-box-wrapper{align-items:center}.elementor-widget-image-box.elementor-vertical-align-bottom .elementor-image-box-wrapper{align-items:flex-end}}@media (max-width:767px){.elementor-widget-image-box .elementor-image-box-img{margin-left:auto!important;margin-right:auto!important;margin-bottom:15px}}.elementor-widget-image-box .elementor-image-box-img{display:inline-block}.elementor-widget-image-box .elementor-image-box-title a{color:inherit}.elementor-widget-image-box .elementor-image-box-wrapper{text-align:center}.elementor-widget-image-box .elementor-image-box-description{margin:0}<\/style><div class=\"elementor-image-box-wrapper\"><figure class=\"elementor-image-box-img\"><img loading=\"lazy\" decoding=\"async\" width=\"751\" height=\"751\" src=\"https:\/\/fioultech.fr\/wp-content\/uploads\/Image-1-2.jpeg\" class=\"elementor-animation-grow attachment-full size-full wp-image-1833\" alt=\"\" srcset=\"https:\/\/fioultech.fr\/wp-content\/uploads\/Image-1-2.jpeg 751w, https:\/\/fioultech.fr\/wp-content\/uploads\/Image-1-2-300x300.jpeg 300w, https:\/\/fioultech.fr\/wp-content\/uploads\/Image-1-2-150x150.jpeg 150w\" sizes=\"(max-width: 751px) 100vw, 751px\" \/><\/figure><div class=\"elementor-image-box-content\"><h4 class=\"elementor-image-box-title\">Avertisseur sonore de remplissage (sifflet)<\/h4><\/div><\/div>\t\t<\/div>\n\t\t\t\t<\/div>\n\t\t\t\t<div class=\"elementor-element elementor-element-edac013 elementor-widget-tablet__width-initial elementor-widget-mobile__width-inherit elementor-widget__width-initial elementor-position-top elementor-widget elementor-widget-image-box\" data-id=\"edac013\" data-element_type=\"widget\" data-widget_type=\"image-box.default\">\n\t\t\t\t<div class=\"elementor-widget-container\">\n\t\t\t<div class=\"elementor-image-box-wrapper\"><figure class=\"elementor-image-box-img\"><img loading=\"lazy\" decoding=\"async\" width=\"1200\" height=\"1200\" src=\"https:\/\/fioultech.fr\/wp-content\/uploads\/Image-2-2.jpeg\" class=\"elementor-animation-grow attachment-full size-full wp-image-1834\" alt=\"\" srcset=\"https:\/\/fioultech.fr\/wp-content\/uploads\/Image-2-2.jpeg 1200w, https:\/\/fioultech.fr\/wp-content\/uploads\/Image-2-2-300x300.jpeg 300w, https:\/\/fioultech.fr\/wp-content\/uploads\/Image-2-2-1024x1024.jpeg 1024w, https:\/\/fioultech.fr\/wp-content\/uploads\/Image-2-2-150x150.jpeg 150w, https:\/\/fioultech.fr\/wp-content\/uploads\/Image-2-2-768x768.jpeg 768w\" sizes=\"(max-width: 1200px) 100vw, 1200px\" \/><\/figure><div class=\"elementor-image-box-content\"><h4 class=\"elementor-image-box-title\">Raccordement cuve en batterie (jumelage)<\/h4><\/div><\/div>\t\t<\/div>\n\t\t\t\t<\/div>\n\t\t\t\t<div class=\"elementor-element elementor-element-6e4c7da7 elementor-widget-tablet__width-initial elementor-widget-mobile__width-inherit elementor-widget__width-initial elementor-position-top elementor-widget elementor-widget-image-box\" data-id=\"6e4c7da7\" data-element_type=\"widget\" data-widget_type=\"image-box.default\">\n\t\t\t\t<div class=\"elementor-widget-container\">\n\t\t\t<div class=\"elementor-image-box-wrapper\"><figure class=\"elementor-image-box-img\"><img loading=\"lazy\" decoding=\"async\" width=\"458\" height=\"458\" src=\"https:\/\/fioultech.fr\/wp-content\/uploads\/Image-3-1.jpeg\" class=\"elementor-animation-grow attachment-full size-full wp-image-1835\" alt=\"\" srcset=\"https:\/\/fioultech.fr\/wp-content\/uploads\/Image-3-1.jpeg 458w, https:\/\/fioultech.fr\/wp-content\/uploads\/Image-3-1-300x300.jpeg 300w, https:\/\/fioultech.fr\/wp-content\/uploads\/Image-3-1-150x150.jpeg 150w\" sizes=\"(max-width: 458px) 100vw, 458px\" \/><\/figure><div class=\"elementor-image-box-content\"><h4 class=\"elementor-image-box-title\">Jauges pneumatiques<\/h4><\/div><\/div>\t\t<\/div>\n\t\t\t\t<\/div>\n\t\t\t\t<div class=\"elementor-element elementor-element-2212d48 elementor-widget-tablet__width-initial elementor-widget-mobile__width-inherit elementor-widget__width-initial elementor-position-top elementor-widget elementor-widget-image-box\" data-id=\"2212d48\" data-element_type=\"widget\" data-widget_type=\"image-box.default\">\n\t\t\t\t<div class=\"elementor-widget-container\">\n\t\t\t<div class=\"elementor-image-box-wrapper\"><figure class=\"elementor-image-box-img\"><img loading=\"lazy\" decoding=\"async\" width=\"700\" height=\"700\" src=\"https:\/\/fioultech.fr\/wp-content\/uploads\/Image-4-2.jpeg\" class=\"elementor-animation-grow attachment-full size-full wp-image-1836\" alt=\"\" srcset=\"https:\/\/fioultech.fr\/wp-content\/uploads\/Image-4-2.jpeg 700w, https:\/\/fioultech.fr\/wp-content\/uploads\/Image-4-2-300x300.jpeg 300w, https:\/\/fioultech.fr\/wp-content\/uploads\/Image-4-2-150x150.jpeg 150w\" sizes=\"(max-width: 700px) 100vw, 700px\" \/><\/figure><div class=\"elementor-image-box-content\"><h4 class=\"elementor-image-box-title\">Cr\u00e9pine flottante<\/h4><\/div><\/div>\t\t<\/div>\n\t\t\t\t<\/div>\n\t\t\t\t<\/div>\n\t\t\t\t\t<\/div>\n\t\t\t\t<\/div>\n\t\t\t\t<\/div>\n\t\t","protected":false},"excerpt":{"rendered":"<p>Depuis ces 30 ann\u00e9es, nous avons pu acqu\u00e9rir de l&rsquo;exp\u00e9rience et un savoir faire dans le domaine de la citerne fioul. Nous pouvons ainsi vous proposer des prestations en plus de celles d\u00e9crites auparavant :\u00a0 Installation de cuves Double enveloppe Pour gagner de la place ou rendre conforme une installation, nous vous proposons des cuves [&hellip;]<\/p>\n","protected":false},"author":1,"featured_media":0,"parent":0,"menu_order":0,"comment_status":"closed","ping_status":"closed","template":"","meta":{"_uag_custom_page_level_css":"","footnotes":""},"class_list":["post-486","page","type-page","status-publish","hentry"],"uagb_featured_image_src":{"full":false,"thumbnail":false,"medium":false,"medium_large":false,"large":false,"1536x1536":false,"2048x2048":false},"uagb_author_info":{"display_name":"Fioultech","author_link":"https:\/\/fioultech.fr\/?author=1"},"uagb_comment_info":0,"uagb_excerpt":"Depuis ces 30 ann\u00e9es, nous avons pu acqu\u00e9rir de l&rsquo;exp\u00e9rience et un savoir faire dans le domaine de la citerne fioul. Nous pouvons ainsi vous proposer des prestations en plus de celles d\u00e9crites auparavant :\u00a0 Installation de cuves Double enveloppe Pour gagner de la place ou rendre conforme une installation, nous vous proposons des cuves\u2026","_links":{"self":[{"href":"https:\/\/fioultech.fr\/index.php?rest_route=\/wp\/v2\/pages\/486","targetHints":{"allow":["GET"]}}],"collection":[{"href":"https:\/\/fioultech.fr\/index.php?rest_route=\/wp\/v2\/pages"}],"about":[{"href":"https:\/\/fioultech.fr\/index.php?rest_route=\/wp\/v2\/types\/page"}],"author":[{"embeddable":true,"href":"https:\/\/fioultech.fr\/index.php?rest_route=\/wp\/v2\/users\/1"}],"replies":[{"embeddable":true,"href":"https:\/\/fioultech.fr\/index.php?rest_route=%2Fwp%2Fv2%2Fcomments&post=486"}],"version-history":[{"count":43,"href":"https:\/\/fioultech.fr\/index.php?rest_route=\/wp\/v2\/pages\/486\/revisions"}],"predecessor-version":[{"id":2226,"href":"https:\/\/fioultech.fr\/index.php?rest_route=\/wp\/v2\/pages\/486\/revisions\/2226"}],"wp:attachment":[{"href":"https:\/\/fioultech.fr\/index.php?rest_route=%2Fwp%2Fv2%2Fmedia&parent=486"}],"curies":[{"name":"wp","href":"https:\/\/api.w.org\/{rel}","templated":true}]}}