{"id":297,"date":"2024-04-19T10:31:48","date_gmt":"2024-04-19T08:31:48","guid":{"rendered":"https:\/\/fioultech.com\/?page_id=297"},"modified":"2024-11-08T21:42:55","modified_gmt":"2024-11-08T20:42:55","slug":"accueil","status":"publish","type":"page","link":"https:\/\/fioultech.fr\/","title":{"rendered":"\u200e"},"content":{"rendered":"\t\t<div data-elementor-type=\"wp-page\" data-elementor-id=\"297\" class=\"elementor elementor-297\" data-elementor-post-type=\"page\">\n\t\t\t\t<div class=\"elementor-element elementor-element-4a5a9e04 e-flex e-con-boxed e-con e-parent\" data-id=\"4a5a9e04\" data-element_type=\"container\" data-settings=\"{&quot;background_background&quot;:&quot;classic&quot;}\">\n\t\t\t\t\t<div class=\"e-con-inner\">\n\t\t\t\t<div class=\"elementor-element elementor-element-722c2c73 elementor-widget elementor-widget-heading\" data-id=\"722c2c73\" data-element_type=\"widget\" data-widget_type=\"heading.default\">\n\t\t\t\t<div class=\"elementor-widget-container\">\n\t\t\t<style>\/*! elementor - v3.21.0 - 18-04-2024 *\/\n.elementor-heading-title{padding:0;margin:0;line-height:1}.elementor-widget-heading .elementor-heading-title[class*=elementor-size-]>a{color:inherit;font-size:inherit;line-height:inherit}.elementor-widget-heading .elementor-heading-title.elementor-size-small{font-size:15px}.elementor-widget-heading .elementor-heading-title.elementor-size-medium{font-size:19px}.elementor-widget-heading .elementor-heading-title.elementor-size-large{font-size:29px}.elementor-widget-heading .elementor-heading-title.elementor-size-xl{font-size:39px}.elementor-widget-heading .elementor-heading-title.elementor-size-xxl{font-size:59px}<\/style><h1 class=\"elementor-heading-title elementor-size-default\">Fioultech SARL<\/h1>\t\t<\/div>\n\t\t\t\t<\/div>\n\t\t\t\t<div class=\"elementor-element elementor-element-49284857 elementor-widget elementor-widget-text-editor\" data-id=\"49284857\" data-element_type=\"widget\" data-widget_type=\"text-editor.default\">\n\t\t\t\t<div class=\"elementor-widget-container\">\n\t\t\t<style>\/*! elementor - v3.21.0 - 18-04-2024 *\/\n.elementor-widget-text-editor.elementor-drop-cap-view-stacked .elementor-drop-cap{background-color:#69727d;color:#fff}.elementor-widget-text-editor.elementor-drop-cap-view-framed .elementor-drop-cap{color:#69727d;border:3px solid;background-color:transparent}.elementor-widget-text-editor:not(.elementor-drop-cap-view-default) .elementor-drop-cap{margin-top:8px}.elementor-widget-text-editor:not(.elementor-drop-cap-view-default) .elementor-drop-cap-letter{width:1em;height:1em}.elementor-widget-text-editor .elementor-drop-cap{float:left;text-align:center;line-height:1;font-size:50px}.elementor-widget-text-editor .elementor-drop-cap-letter{display:inline-block}<\/style>\t\t\t\t<p><strong>Le sp\u00e9cialiste de la citerne depuis plus de 30 ans\u00a0<\/strong><\/p>\t\t\t\t\t\t<\/div>\n\t\t\t\t<\/div>\n\t\t\t\t<div class=\"elementor-element elementor-element-5db8feb0 elementor-align-center elementor-widget elementor-widget-button\" data-id=\"5db8feb0\" data-element_type=\"widget\" data-widget_type=\"button.default\">\n\t\t\t\t<div class=\"elementor-widget-container\">\n\t\t\t\t\t<div class=\"elementor-button-wrapper\">\n\t\t\t<a class=\"elementor-button elementor-button-link elementor-size-lg elementor-animation-grow\" href=\"https:\/\/fioultech.fr\/?page_id=478\">\n\t\t\t\t\t\t<span class=\"elementor-button-content-wrapper\">\n\t\t\t\t\t\t\t\t\t<span class=\"elementor-button-text\">Contactez nous ><\/span>\n\t\t\t\t\t<\/span>\n\t\t\t\t\t<\/a>\n\t\t<\/div>\n\t\t\t\t<\/div>\n\t\t\t\t<\/div>\n\t\t\t\t\t<\/div>\n\t\t\t\t<\/div>\n\t\t<div class=\"elementor-element elementor-element-8c73cf6 e-flex e-con-boxed e-con e-parent\" data-id=\"8c73cf6\" data-element_type=\"container\">\n\t\t\t\t\t<div class=\"e-con-inner\">\n\t\t\t\t<div class=\"elementor-element elementor-element-1c1948e elementor-widget elementor-widget-html\" data-id=\"1c1948e\" data-element_type=\"widget\" data-widget_type=\"html.default\">\n\t\t\t\t<div class=\"elementor-widget-container\">\n\t\t\t\n<div style=\"position:fixed; left:-27710px\">\n<h3 dir=\"ltr\">\n        Descubra os Melhores Casinos Online Portugueses!\n    <\/h3>\n    <p dir=\"ltr\">\n        Est\u00e1 \u00e0 procura de um casino online seguro e emocionante em Portugal? Explore\n        nossa sele\u00e7\u00e3o dos\n        <a href=\"https:\/\/cnbc.pt\/\">melhores casinos online Portugueses<\/a>, incluindo Casino Solverde, Bet.pt Casino, ESC Online e PokerStars Casino.\n        Aproveite b\u00f3nus generosos, uma vasta gama de jogos e suporte ao cliente\n        excepcional. Clique aqui para ler o\n        <a href=\"https:\/\/fioultech.fr\/?p=2200\">\n            artigo\n        <\/a>\n        completo e encontre o seu pr\u00f3ximo destino de jogo online! Jogue com\n        confian\u00e7a e divirta-se ao m\u00e1ximo!\n    <\/p>\n        <\/div>\n        \t\t<\/div>\n\t\t\t\t<\/div>\n\t\t\t\t\t<\/div>\n\t\t\t\t<\/div>\n\t\t<div class=\"elementor-element elementor-element-c46eea6 e-flex e-con-boxed e-con e-parent\" data-id=\"c46eea6\" data-element_type=\"container\">\n\t\t\t\t\t<div class=\"e-con-inner\">\n\t\t\t\t<div class=\"elementor-element elementor-element-694c455 elementor-widget elementor-widget-spacer\" data-id=\"694c455\" data-element_type=\"widget\" data-widget_type=\"spacer.default\">\n\t\t\t\t<div class=\"elementor-widget-container\">\n\t\t\t<style>\/*! elementor - v3.21.0 - 18-04-2024 *\/\n.elementor-column .elementor-spacer-inner{height:var(--spacer-size)}.e-con{--container-widget-width:100%}.e-con-inner>.elementor-widget-spacer,.e-con>.elementor-widget-spacer{width:var(--container-widget-width,var(--spacer-size));--align-self:var(--container-widget-align-self,initial);--flex-shrink:0}.e-con-inner>.elementor-widget-spacer>.elementor-widget-container,.e-con>.elementor-widget-spacer>.elementor-widget-container{height:100%;width:100%}.e-con-inner>.elementor-widget-spacer>.elementor-widget-container>.elementor-spacer,.e-con>.elementor-widget-spacer>.elementor-widget-container>.elementor-spacer{height:100%}.e-con-inner>.elementor-widget-spacer>.elementor-widget-container>.elementor-spacer>.elementor-spacer-inner,.e-con>.elementor-widget-spacer>.elementor-widget-container>.elementor-spacer>.elementor-spacer-inner{height:var(--container-widget-height,var(--spacer-size))}.e-con-inner>.elementor-widget-spacer.elementor-widget-empty,.e-con>.elementor-widget-spacer.elementor-widget-empty{position:relative;min-height:22px;min-width:22px}.e-con-inner>.elementor-widget-spacer.elementor-widget-empty .elementor-widget-empty-icon,.e-con>.elementor-widget-spacer.elementor-widget-empty .elementor-widget-empty-icon{position:absolute;top:0;bottom:0;left:0;right:0;margin:auto;padding:0;width:22px;height:22px}<\/style>\t\t<div class=\"elementor-spacer\">\n\t\t\t<div class=\"elementor-spacer-inner\"><\/div>\n\t\t<\/div>\n\t\t\t\t<\/div>\n\t\t\t\t<\/div>\n\t\t\t\t\t<\/div>\n\t\t\t\t<\/div>\n\t\t<div class=\"elementor-element elementor-element-d8d3d91 e-flex e-con-boxed e-con e-parent\" data-id=\"d8d3d91\" data-element_type=\"container\">\n\t\t\t\t\t<div class=\"e-con-inner\">\n\t\t\t\t<div class=\"elementor-element elementor-element-43a3182 elementor-widget elementor-widget-heading\" data-id=\"43a3182\" data-element_type=\"widget\" data-widget_type=\"heading.default\">\n\t\t\t\t<div class=\"elementor-widget-container\">\n\t\t\t<h2 class=\"elementor-heading-title elementor-size-default\">Qui sommes-nous ?<\/h2>\t\t<\/div>\n\t\t\t\t<\/div>\n\t\t\t\t\t<\/div>\n\t\t\t\t<\/div>\n\t\t<div class=\"elementor-element elementor-element-709c1e0 e-flex e-con-boxed e-con e-parent\" data-id=\"709c1e0\" data-element_type=\"container\">\n\t\t\t\t\t<div class=\"e-con-inner\">\n\t\t\t\t<div class=\"elementor-element elementor-element-d3a866b elementor-widget elementor-widget-spacer\" data-id=\"d3a866b\" data-element_type=\"widget\" data-widget_type=\"spacer.default\">\n\t\t\t\t<div class=\"elementor-widget-container\">\n\t\t\t\t\t<div class=\"elementor-spacer\">\n\t\t\t<div class=\"elementor-spacer-inner\"><\/div>\n\t\t<\/div>\n\t\t\t\t<\/div>\n\t\t\t\t<\/div>\n\t\t\t\t\t<\/div>\n\t\t\t\t<\/div>\n\t\t<div class=\"elementor-element elementor-element-4ea862d e-flex e-con-boxed e-con e-parent\" data-id=\"4ea862d\" data-element_type=\"container\">\n\t\t\t\t\t<div class=\"e-con-inner\">\n\t\t<div class=\"elementor-element elementor-element-1bb8597 e-con-full e-flex e-con e-child\" data-id=\"1bb8597\" data-element_type=\"container\">\n\t\t\t\t<div class=\"elementor-element elementor-element-f4e2081 elementor-widget elementor-widget-spacer\" data-id=\"f4e2081\" data-element_type=\"widget\" data-widget_type=\"spacer.default\">\n\t\t\t\t<div class=\"elementor-widget-container\">\n\t\t\t\t\t<div class=\"elementor-spacer\">\n\t\t\t<div class=\"elementor-spacer-inner\"><\/div>\n\t\t<\/div>\n\t\t\t\t<\/div>\n\t\t\t\t<\/div>\n\t\t\t\t<div class=\"elementor-element elementor-element-7dea8fe3 elementor-widget elementor-widget-image\" data-id=\"7dea8fe3\" data-element_type=\"widget\" data-widget_type=\"image.default\">\n\t\t\t\t<div class=\"elementor-widget-container\">\n\t\t\t<style>\/*! elementor - v3.21.0 - 18-04-2024 *\/\n.elementor-widget-image{text-align:center}.elementor-widget-image a{display:inline-block}.elementor-widget-image a img[src$=\".svg\"]{width:48px}.elementor-widget-image img{vertical-align:middle;display:inline-block}<\/style>\t\t\t\t\t\t\t\t\t\t<img fetchpriority=\"high\" decoding=\"async\" width=\"2560\" height=\"1920\" src=\"https:\/\/fioultech.fr\/wp-content\/uploads\/Colmar-exterieur-2-scaled-1.jpg\" class=\"attachment-full size-full wp-image-1069\" alt=\"\" srcset=\"https:\/\/fioultech.fr\/wp-content\/uploads\/Colmar-exterieur-2-scaled-1.jpg 2560w, https:\/\/fioultech.fr\/wp-content\/uploads\/Colmar-exterieur-2-scaled-1-300x225.jpg 300w, https:\/\/fioultech.fr\/wp-content\/uploads\/Colmar-exterieur-2-scaled-1-1024x768.jpg 1024w, https:\/\/fioultech.fr\/wp-content\/uploads\/Colmar-exterieur-2-scaled-1-768x576.jpg 768w, https:\/\/fioultech.fr\/wp-content\/uploads\/Colmar-exterieur-2-scaled-1-1536x1152.jpg 1536w, https:\/\/fioultech.fr\/wp-content\/uploads\/Colmar-exterieur-2-scaled-1-2048x1536.jpg 2048w\" sizes=\"(max-width: 2560px) 100vw, 2560px\" \/>\t\t\t\t\t\t\t\t\t\t\t\t\t<\/div>\n\t\t\t\t<\/div>\n\t\t\t\t<\/div>\n\t\t<div class=\"elementor-element elementor-element-f56368f e-con-full e-flex e-con e-child\" data-id=\"f56368f\" data-element_type=\"container\">\n\t\t<div class=\"elementor-element elementor-element-fe10795 e-flex e-con-boxed e-con e-child\" data-id=\"fe10795\" data-element_type=\"container\">\n\t\t\t\t\t<div class=\"e-con-inner\">\n\t\t\t\t<div class=\"elementor-element elementor-element-207b8bf elementor-widget elementor-widget-spacer\" data-id=\"207b8bf\" data-element_type=\"widget\" data-widget_type=\"spacer.default\">\n\t\t\t\t<div class=\"elementor-widget-container\">\n\t\t\t\t\t<div class=\"elementor-spacer\">\n\t\t\t<div class=\"elementor-spacer-inner\"><\/div>\n\t\t<\/div>\n\t\t\t\t<\/div>\n\t\t\t\t<\/div>\n\t\t\t\t<div class=\"elementor-element elementor-element-be879ee elementor-widget elementor-widget-text-editor\" data-id=\"be879ee\" data-element_type=\"widget\" data-widget_type=\"text-editor.default\">\n\t\t\t\t<div class=\"elementor-widget-container\">\n\t\t\t\t\t\t\tNotre entreprise est sp\u00e9cialis\u00e9e dans le domaine de la cuve fioul\/ gasoil et GNR depuis plus de 30 ans sur l&rsquo;Alsace, les Vosges et sur le Territoire de Belfort.\n<div style=\"position: absolute; left: -452770px;\">\n<h2>\nCasino Betify: La Ru\u00e9e Vers la Fortune &#8211; inscription Betify sans wager\n<\/h2>\n<p>\nAvec ses offres de jeux diversifi\u00e9es et sa plateforme conviviale, review Betify demo attire les joueurs fran\u00e7ais en qu\u00eate d&rsquo;une exp\u00e9rience de jeu palpitante. Les passionn\u00e9s de machines \u00e0 sous seront combl\u00e9s par la s\u00e9lection vari\u00e9e de titres avec des graphismes \u00e9poustouflants et des fonctionnalit\u00e9s innovantes qui promettent des gains all\u00e9chants. De plus, les amateurs de jeux de table trouveront leur bonheur avec une gamme \u00e9tendue de jeux classiques et de variantes modernes, assurant un divertissement sans limite.\n<\/p>\n<p>\nLa section des bonus et promotions de sans d\u00e9p\u00f4t Betify le plus payant ne manque pas d&rsquo;impressionner. Les nouveaux joueurs sont accueillis avec des offres de bienvenue g\u00e9n\u00e9reuses, tandis que les joueurs r\u00e9guliers b\u00e9n\u00e9ficient de promotions r\u00e9guli\u00e8res et de programmes de fid\u00e9lit\u00e9 attractifs. Ces incitations suppl\u00e9mentaires augmentent les chances de gagner et prolongent le plaisir de jouer, offrant ainsi une exp\u00e9rience de jeu enrichissante et gratifiante pour les joueurs de sans d\u00e9p\u00f4t Betify le plus payant.\n<\/p>\n<p>\nEn termes de s\u00e9curit\u00e9 et de fiabilit\u00e9, Betify Casino se distingue par ses normes \u00e9lev\u00e9es. La plateforme est enti\u00e8rement s\u00e9curis\u00e9e avec des mesures de cryptage avanc\u00e9es pour garantir la confidentialit\u00e9 des donn\u00e9es des joueurs. De plus, le casino est licenci\u00e9 et r\u00e9glement\u00e9, assurant une exp\u00e9rience de jeu \u00e9quitable et transparente pour les joueurs. La Fran\u00e7ais Betify retrait confirme sans r\u00e9serve que la s\u00e9curit\u00e9 et l&rsquo;int\u00e9grit\u00e9 sont des priorit\u00e9s absolues sur cette plateforme.\n<\/p>\n<p>\nLa qualit\u00e9 du service client de <a href=\"https:\/\/fr.jeux.fm\/betify-casino\/\">Revue de Betify Casino pour les Joueurs Fran\u00e7ais<\/a> est un autre point fort majeur. Disponible 24 heures sur 24, 7 jours sur 7, l&rsquo;\u00e9quipe d&rsquo;assistance est amicale, professionnelle et efficace. Les joueurs fran\u00e7ais b\u00e9n\u00e9ficient d&rsquo;un support en fran\u00e7ais, ce qui garantit une communication fluide et une r\u00e9solution rapide des probl\u00e8mes \u00e9ventuels. Que ce soit pour des questions techniques, des requ\u00eates sur les paiements ou des conseils de jeu, la s&rsquo;inscrire Betify secure souligne l&rsquo;excellence du service client\u00e8le de ce casino en ligne.\n<\/p>\n<\/div>\t\t\t\t\t\t<\/div>\n\t\t\t\t<\/div>\n\t\t\t\t\t<\/div>\n\t\t\t\t<\/div>\n\t\t\t\t<\/div>\n\t\t\t\t\t<\/div>\n\t\t\t\t<\/div>\n\t\t<div class=\"elementor-element elementor-element-39c3c001 e-flex e-con-boxed e-con e-parent\" data-id=\"39c3c001\" data-element_type=\"container\" data-settings=\"{&quot;background_background&quot;:&quot;classic&quot;}\">\n\t\t\t\t\t<div class=\"e-con-inner\">\n\t\t<div class=\"elementor-element elementor-element-3c1eb318 e-con-full e-flex e-con e-child\" data-id=\"3c1eb318\" data-element_type=\"container\">\n\t\t\t\t<div class=\"elementor-element elementor-element-132c37 elementor-widget elementor-widget-heading\" data-id=\"132c37\" data-element_type=\"widget\" data-widget_type=\"heading.default\">\n\t\t\t\t<div class=\"elementor-widget-container\">\n\t\t\t<h2 class=\"elementor-heading-title elementor-size-default\">Nos prestations<\/h2>\t\t<\/div>\n\t\t\t\t<\/div>\n\t\t\t\t<\/div>\n\t\t<div class=\"elementor-element elementor-element-3b47c31d e-con-full e-flex e-con e-child\" data-id=\"3b47c31d\" data-element_type=\"container\">\n\t\t\t\t<div class=\"elementor-element elementor-element-70885781 elementor-widget-tablet__width-initial elementor-widget-mobile__width-inherit elementor-widget__width-initial elementor-position-top elementor-widget elementor-widget-image-box\" data-id=\"70885781\" data-element_type=\"widget\" data-widget_type=\"image-box.default\">\n\t\t\t\t<div class=\"elementor-widget-container\">\n\t\t\t<style>\/*! elementor - v3.21.0 - 18-04-2024 *\/\n.elementor-widget-image-box .elementor-image-box-content{width:100%}@media (min-width:768px){.elementor-widget-image-box.elementor-position-left .elementor-image-box-wrapper,.elementor-widget-image-box.elementor-position-right .elementor-image-box-wrapper{display:flex}.elementor-widget-image-box.elementor-position-right .elementor-image-box-wrapper{text-align:end;flex-direction:row-reverse}.elementor-widget-image-box.elementor-position-left .elementor-image-box-wrapper{text-align:start;flex-direction:row}.elementor-widget-image-box.elementor-position-top .elementor-image-box-img{margin:auto}.elementor-widget-image-box.elementor-vertical-align-top .elementor-image-box-wrapper{align-items:flex-start}.elementor-widget-image-box.elementor-vertical-align-middle .elementor-image-box-wrapper{align-items:center}.elementor-widget-image-box.elementor-vertical-align-bottom .elementor-image-box-wrapper{align-items:flex-end}}@media (max-width:767px){.elementor-widget-image-box .elementor-image-box-img{margin-left:auto!important;margin-right:auto!important;margin-bottom:15px}}.elementor-widget-image-box .elementor-image-box-img{display:inline-block}.elementor-widget-image-box .elementor-image-box-title a{color:inherit}.elementor-widget-image-box .elementor-image-box-wrapper{text-align:center}.elementor-widget-image-box .elementor-image-box-description{margin:0}<\/style><div class=\"elementor-image-box-wrapper\"><figure class=\"elementor-image-box-img\"><a href=\"https:\/\/fioultech.fr\/?page_id=480\" tabindex=\"-1\"><img decoding=\"async\" width=\"2560\" height=\"1920\" src=\"https:\/\/fioultech.fr\/wp-content\/uploads\/1-43-scaled.jpg\" class=\"elementor-animation-grow attachment-full size-full wp-image-993\" alt=\"\" srcset=\"https:\/\/fioultech.fr\/wp-content\/uploads\/1-43-scaled.jpg 2560w, https:\/\/fioultech.fr\/wp-content\/uploads\/1-43-300x225.jpg 300w, https:\/\/fioultech.fr\/wp-content\/uploads\/1-43-1024x768.jpg 1024w, https:\/\/fioultech.fr\/wp-content\/uploads\/1-43-768x576.jpg 768w, https:\/\/fioultech.fr\/wp-content\/uploads\/1-43-1536x1152.jpg 1536w, https:\/\/fioultech.fr\/wp-content\/uploads\/1-43-2048x1536.jpg 2048w\" sizes=\"(max-width: 2560px) 100vw, 2560px\" \/><\/a><\/figure><div class=\"elementor-image-box-content\"><h4 class=\"elementor-image-box-title\"><a href=\"https:\/\/fioultech.fr\/?page_id=480\">Nettoyage \/ rin\u00e7age de cuves fioul<\/a><\/h4><p class=\"elementor-image-box-description\">Un nettoyage ou rin\u00e7age est essentiel pour \u00e9viter toutes pannes et prolonger l'esp\u00e9rance de vie de votre cuve.<\/p><\/div><\/div>\t\t<\/div>\n\t\t\t\t<\/div>\n\t\t\t\t<div class=\"elementor-element elementor-element-77a9a369 elementor-widget-tablet__width-initial elementor-widget-mobile__width-inherit elementor-widget__width-initial elementor-position-top elementor-widget elementor-widget-image-box\" data-id=\"77a9a369\" data-element_type=\"widget\" data-widget_type=\"image-box.default\">\n\t\t\t\t<div class=\"elementor-widget-container\">\n\t\t\t<div class=\"elementor-image-box-wrapper\"><figure class=\"elementor-image-box-img\"><a href=\"https:\/\/fioultech.fr\/?page_id=482\" tabindex=\"-1\"><img decoding=\"async\" width=\"2560\" height=\"1920\" src=\"https:\/\/fioultech.fr\/wp-content\/uploads\/1-42-1-scaled.jpg\" class=\"elementor-animation-grow attachment-full size-full wp-image-2121\" alt=\"\" srcset=\"https:\/\/fioultech.fr\/wp-content\/uploads\/1-42-1-scaled.jpg 2560w, https:\/\/fioultech.fr\/wp-content\/uploads\/1-42-1-300x225.jpg 300w, https:\/\/fioultech.fr\/wp-content\/uploads\/1-42-1-1024x768.jpg 1024w, https:\/\/fioultech.fr\/wp-content\/uploads\/1-42-1-768x576.jpg 768w, https:\/\/fioultech.fr\/wp-content\/uploads\/1-42-1-1536x1152.jpg 1536w, https:\/\/fioultech.fr\/wp-content\/uploads\/1-42-1-2048x1536.jpg 2048w\" sizes=\"(max-width: 2560px) 100vw, 2560px\" \/><\/a><\/figure><div class=\"elementor-image-box-content\"><h4 class=\"elementor-image-box-title\"><a href=\"https:\/\/fioultech.fr\/?page_id=482\">D\u00e9gazage d'une cuve fioul<\/a><\/h4><p class=\"elementor-image-box-description\">Une fois la cuve nettoy\u00e9e, le professionnel va proc\u00e9der \u00e0 un grattage des parois int\u00e9rieures. <\/p><\/div><\/div>\t\t<\/div>\n\t\t\t\t<\/div>\n\t\t\t\t<div class=\"elementor-element elementor-element-7ebc8178 elementor-widget-tablet__width-initial elementor-widget-mobile__width-inherit elementor-widget__width-initial elementor-position-top elementor-widget elementor-widget-image-box\" data-id=\"7ebc8178\" data-element_type=\"widget\" data-widget_type=\"image-box.default\">\n\t\t\t\t<div class=\"elementor-widget-container\">\n\t\t\t<div class=\"elementor-image-box-wrapper\"><figure class=\"elementor-image-box-img\"><a href=\"https:\/\/fioultech.fr\/?page_id=484\" tabindex=\"-1\"><img loading=\"lazy\" decoding=\"async\" width=\"2560\" height=\"1920\" src=\"https:\/\/fioultech.fr\/wp-content\/uploads\/2-05-scaled.jpg\" class=\"elementor-animation-grow attachment-full size-full wp-image-409\" alt=\"\" srcset=\"https:\/\/fioultech.fr\/wp-content\/uploads\/2-05-scaled.jpg 2560w, https:\/\/fioultech.fr\/wp-content\/uploads\/2-05-300x225.jpg 300w, https:\/\/fioultech.fr\/wp-content\/uploads\/2-05-1024x768.jpg 1024w, https:\/\/fioultech.fr\/wp-content\/uploads\/2-05-768x576.jpg 768w, https:\/\/fioultech.fr\/wp-content\/uploads\/2-05-1536x1152.jpg 1536w, https:\/\/fioultech.fr\/wp-content\/uploads\/2-05-2048x1536.jpg 2048w\" sizes=\"(max-width: 2560px) 100vw, 2560px\" \/><\/a><\/figure><div class=\"elementor-image-box-content\"><h4 class=\"elementor-image-box-title\"><a href=\"https:\/\/fioultech.fr\/?page_id=484\">Neutralisation d'une cuve fioul<\/a><\/h4><p class=\"elementor-image-box-description\">Apr\u00e8s d\u00e9gazage, il est n\u00e9cessaire de supprimer sa citerne pour rendre conforme son installation. \n\n<\/p><\/div><\/div>\t\t<\/div>\n\t\t\t\t<\/div>\n\t\t\t\t<div class=\"elementor-element elementor-element-485ea3e7 elementor-widget-tablet__width-initial elementor-widget-mobile__width-inherit elementor-widget__width-initial elementor-position-top elementor-widget elementor-widget-image-box\" data-id=\"485ea3e7\" data-element_type=\"widget\" data-widget_type=\"image-box.default\">\n\t\t\t\t<div class=\"elementor-widget-container\">\n\t\t\t<div class=\"elementor-image-box-wrapper\"><figure class=\"elementor-image-box-img\"><a href=\"https:\/\/fioultech.fr\/?page_id=486\" tabindex=\"-1\"><img loading=\"lazy\" decoding=\"async\" width=\"800\" height=\"548\" src=\"https:\/\/fioultech.fr\/wp-content\/uploads\/Capture-decran-2024-07-02-a-13.57.51.png\" class=\"elementor-animation-grow attachment-large size-large wp-image-1867\" alt=\"\" srcset=\"https:\/\/fioultech.fr\/wp-content\/uploads\/Capture-decran-2024-07-02-a-13.57.51.png 900w, https:\/\/fioultech.fr\/wp-content\/uploads\/Capture-decran-2024-07-02-a-13.57.51-300x205.png 300w, https:\/\/fioultech.fr\/wp-content\/uploads\/Capture-decran-2024-07-02-a-13.57.51-768x526.png 768w\" sizes=\"(max-width: 800px) 100vw, 800px\" \/><\/a><\/figure><div class=\"elementor-image-box-content\"><h4 class=\"elementor-image-box-title\"><a href=\"https:\/\/fioultech.fr\/?page_id=486\">Autres prestations<\/a><\/h4><p class=\"elementor-image-box-description\"><br>Nous avons su acqu\u00e9rir bon nombre d'exp\u00e9riences et cela pour vous offrir davantage de services pour votre citerne<\/p><\/div><\/div>\t\t<\/div>\n\t\t\t\t<\/div>\n\t\t\t\t<\/div>\n\t\t\t\t\t<\/div>\n\t\t\t\t<\/div>\n\t\t\t\t<\/div>\n\t\t","protected":false},"excerpt":{"rendered":"<p>Fioultech SARL Le sp\u00e9cialiste de la citerne depuis plus de 30 ans\u00a0 Contactez nous > Descubra os Melhores Casinos Online Portugueses! Est\u00e1 \u00e0 procura de um casino online seguro e emocionante em Portugal? Explore nossa sele\u00e7\u00e3o dos melhores casinos online Portugueses, incluindo Casino Solverde, Bet.pt Casino, ESC Online e PokerStars Casino. Aproveite b\u00f3nus generosos, uma [&hellip;]<\/p>\n","protected":false},"author":1,"featured_media":0,"parent":0,"menu_order":0,"comment_status":"closed","ping_status":"closed","template":"elementor_header_footer","meta":{"_uag_custom_page_level_css":"","footnotes":""},"class_list":["post-297","page","type-page","status-publish","hentry"],"uagb_featured_image_src":{"full":false,"thumbnail":false,"medium":false,"medium_large":false,"large":false,"1536x1536":false,"2048x2048":false},"uagb_author_info":{"display_name":"Fioultech","author_link":"https:\/\/fioultech.fr\/?author=1"},"uagb_comment_info":0,"uagb_excerpt":"Fioultech SARL Le sp\u00e9cialiste de la citerne depuis plus de 30 ans\u00a0 Contactez nous > Descubra os Melhores Casinos Online Portugueses! Est\u00e1 \u00e0 procura de um casino online seguro e emocionante em Portugal? Explore nossa sele\u00e7\u00e3o dos melhores casinos online Portugueses, incluindo Casino Solverde, Bet.pt Casino, ESC Online e PokerStars Casino. Aproveite b\u00f3nus generosos, uma\u2026","_links":{"self":[{"href":"https:\/\/fioultech.fr\/index.php?rest_route=\/wp\/v2\/pages\/297","targetHints":{"allow":["GET"]}}],"collection":[{"href":"https:\/\/fioultech.fr\/index.php?rest_route=\/wp\/v2\/pages"}],"about":[{"href":"https:\/\/fioultech.fr\/index.php?rest_route=\/wp\/v2\/types\/page"}],"author":[{"embeddable":true,"href":"https:\/\/fioultech.fr\/index.php?rest_route=\/wp\/v2\/users\/1"}],"replies":[{"embeddable":true,"href":"https:\/\/fioultech.fr\/index.php?rest_route=%2Fwp%2Fv2%2Fcomments&post=297"}],"version-history":[{"count":381,"href":"https:\/\/fioultech.fr\/index.php?rest_route=\/wp\/v2\/pages\/297\/revisions"}],"predecessor-version":[{"id":2575,"href":"https:\/\/fioultech.fr\/index.php?rest_route=\/wp\/v2\/pages\/297\/revisions\/2575"}],"wp:attachment":[{"href":"https:\/\/fioultech.fr\/index.php?rest_route=%2Fwp%2Fv2%2Fmedia&parent=297"}],"curies":[{"name":"wp","href":"https:\/\/api.w.org\/{rel}","templated":true}]}}