{"id":2423,"date":"2024-10-04T14:10:17","date_gmt":"2024-10-04T12:10:17","guid":{"rendered":"https:\/\/fioultech.fr\/?page_id=2423"},"modified":"2026-03-18T16:29:40","modified_gmt":"2026-03-18T15:29:40","slug":"actualites","status":"publish","type":"page","link":"https:\/\/fioultech.fr\/?page_id=2423","title":{"rendered":"Actualit\u00e9s"},"content":{"rendered":"\t\t<div data-elementor-type=\"wp-page\" data-elementor-id=\"2423\" class=\"elementor elementor-2423\" data-elementor-post-type=\"page\">\n\t\t\t\t<div class=\"elementor-element elementor-element-59c93517 e-flex e-con-boxed e-con e-parent\" data-id=\"59c93517\" data-element_type=\"container\">\n\t\t\t\t\t<div class=\"e-con-inner\">\n\t\t<div class=\"elementor-element elementor-element-5f756877 e-flex e-con-boxed e-con e-child\" data-id=\"5f756877\" data-element_type=\"container\" data-settings=\"{&quot;background_background&quot;:&quot;gradient&quot;}\">\n\t\t\t\t\t<div class=\"e-con-inner\">\n\t\t\t\t<div class=\"elementor-element elementor-element-4924ad8 elementor-widget elementor-widget-heading\" data-id=\"4924ad8\" data-element_type=\"widget\" data-widget_type=\"heading.default\">\n\t\t\t\t<div class=\"elementor-widget-container\">\n\t\t\t<style>\/*! elementor - v3.21.0 - 18-04-2024 *\/\n.elementor-heading-title{padding:0;margin:0;line-height:1}.elementor-widget-heading .elementor-heading-title[class*=elementor-size-]>a{color:inherit;font-size:inherit;line-height:inherit}.elementor-widget-heading .elementor-heading-title.elementor-size-small{font-size:15px}.elementor-widget-heading .elementor-heading-title.elementor-size-medium{font-size:19px}.elementor-widget-heading .elementor-heading-title.elementor-size-large{font-size:29px}.elementor-widget-heading .elementor-heading-title.elementor-size-xl{font-size:39px}.elementor-widget-heading .elementor-heading-title.elementor-size-xxl{font-size:59px}<\/style><h1 class=\"elementor-heading-title elementor-size-default\">Suivez le meilleur de notre actualit\u00e9 <\/h1>\t\t<\/div>\n\t\t\t\t<\/div>\n\t\t\t\t<div class=\"elementor-element elementor-element-7204b6e8 elementor-widget__width-inherit elementor-widget elementor-widget-text-editor\" data-id=\"7204b6e8\" data-element_type=\"widget\" data-widget_type=\"text-editor.default\">\n\t\t\t\t<div class=\"elementor-widget-container\">\n\t\t\t<style>\/*! elementor - v3.21.0 - 18-04-2024 *\/\n.elementor-widget-text-editor.elementor-drop-cap-view-stacked .elementor-drop-cap{background-color:#69727d;color:#fff}.elementor-widget-text-editor.elementor-drop-cap-view-framed .elementor-drop-cap{color:#69727d;border:3px solid;background-color:transparent}.elementor-widget-text-editor:not(.elementor-drop-cap-view-default) .elementor-drop-cap{margin-top:8px}.elementor-widget-text-editor:not(.elementor-drop-cap-view-default) .elementor-drop-cap-letter{width:1em;height:1em}.elementor-widget-text-editor .elementor-drop-cap{float:left;text-align:center;line-height:1;font-size:50px}.elementor-widget-text-editor .elementor-drop-cap-letter{display:inline-block}<\/style>\t\t\t\t<p>D\u00e9couvrez nos derni\u00e8res poses, salons et autres \u00e9v\u00e8nements \u00e0 venir\u00a0<\/p>\t\t\t\t\t\t<\/div>\n\t\t\t\t<\/div>\n\t\t\t\t\t<\/div>\n\t\t\t\t<\/div>\n\t\t\t\t\t<\/div>\n\t\t\t\t<\/div>\n\t\t<div class=\"elementor-element elementor-element-6f56355f e-flex e-con-boxed e-con e-parent\" data-id=\"6f56355f\" data-element_type=\"container\">\n\t\t\t\t\t<div class=\"e-con-inner\">\n\t\t\t\t<div class=\"elementor-element elementor-element-63b7c325 elementor-posts__hover-none elementor-posts--align-center elementor-grid-3 elementor-grid-tablet-2 elementor-grid-mobile-1 elementor-posts--thumbnail-top elementor-widget elementor-widget-posts\" data-id=\"63b7c325\" data-element_type=\"widget\" data-settings=\"{&quot;cards_row_gap&quot;:{&quot;unit&quot;:&quot;px&quot;,&quot;size&quot;:80,&quot;sizes&quot;:[]},&quot;cards_row_gap_tablet&quot;:{&quot;unit&quot;:&quot;px&quot;,&quot;size&quot;:71,&quot;sizes&quot;:[]},&quot;cards_row_gap_mobile&quot;:{&quot;unit&quot;:&quot;px&quot;,&quot;size&quot;:30,&quot;sizes&quot;:[]},&quot;cards_columns&quot;:&quot;3&quot;,&quot;cards_columns_tablet&quot;:&quot;2&quot;,&quot;cards_columns_mobile&quot;:&quot;1&quot;}\" data-widget_type=\"posts.cards\">\n\t\t\t\t<div class=\"elementor-widget-container\">\n\t\t\t<link rel=\"stylesheet\" href=\"https:\/\/fioultech.fr\/wp-content\/plugins\/elementor-pro\/assets\/css\/widget-posts.min.css\">\t\t<div class=\"elementor-posts-container elementor-posts elementor-posts--skin-cards elementor-grid\">\n\t\t\t\t<article class=\"elementor-post elementor-grid-item post-2652 post type-post status-publish format-standard has-post-thumbnail hentry category-non-classe\">\n\t\t\t<div class=\"elementor-post__card\">\n\t\t\t\t<a class=\"elementor-post__thumbnail__link\" href=\"https:\/\/fioultech.fr\/?p=2652\" tabindex=\"-1\" ><div class=\"elementor-post__thumbnail\"><img fetchpriority=\"high\" decoding=\"async\" width=\"1500\" height=\"1407\" src=\"https:\/\/fioultech.fr\/wp-content\/uploads\/IMG_20260402_095135-e1775742364505.jpg\" class=\"attachment-full size-full wp-image-2654\" alt=\"\" srcset=\"https:\/\/fioultech.fr\/wp-content\/uploads\/IMG_20260402_095135-e1775742364505.jpg 1500w, https:\/\/fioultech.fr\/wp-content\/uploads\/IMG_20260402_095135-e1775742364505-300x281.jpg 300w, https:\/\/fioultech.fr\/wp-content\/uploads\/IMG_20260402_095135-e1775742364505-1024x961.jpg 1024w, https:\/\/fioultech.fr\/wp-content\/uploads\/IMG_20260402_095135-e1775742364505-768x720.jpg 768w\" sizes=\"(max-width: 1500px) 100vw, 1500px\" \/><\/div><\/a>\n\t\t\t\t<div class=\"elementor-post__text\">\n\t\t\t\t<h4 class=\"elementor-post__title\">\n\t\t\t<a href=\"https:\/\/fioultech.fr\/?p=2652\" >\n\t\t\t\tNettoyage d&rsquo;une cuve fioul enterr\u00e9e\t\t\t<\/a>\n\t\t<\/h4>\n\t\t\t\t<div class=\"elementor-post__excerpt\">\n\t\t\t<p>Nettoyage d&rsquo;une cuve enterr\u00e9e sur Danjoutin (Territoire de Belfort) le 02.04.2026<\/p>\n\t\t<\/div>\n\t\t\t\t<\/div>\n\t\t\t\t\t<\/div>\n\t\t<\/article>\n\t\t\t\t<article class=\"elementor-post elementor-grid-item post-2641 post type-post status-publish format-standard has-post-thumbnail hentry category-non-classe\">\n\t\t\t<div class=\"elementor-post__card\">\n\t\t\t\t<a class=\"elementor-post__thumbnail__link\" href=\"https:\/\/fioultech.fr\/?p=2641\" tabindex=\"-1\" ><div class=\"elementor-post__thumbnail\"><img decoding=\"async\" width=\"362\" height=\"799\" src=\"https:\/\/fioultech.fr\/wp-content\/uploads\/image0000001-1.jpg\" class=\"attachment-full size-full wp-image-2651\" alt=\"\" srcset=\"https:\/\/fioultech.fr\/wp-content\/uploads\/image0000001-1.jpg 362w, https:\/\/fioultech.fr\/wp-content\/uploads\/image0000001-1-136x300.jpg 136w\" sizes=\"(max-width: 362px) 100vw, 362px\" \/><\/div><\/a>\n\t\t\t\t<div class=\"elementor-post__text\">\n\t\t\t\t<h4 class=\"elementor-post__title\">\n\t\t\t<a href=\"https:\/\/fioultech.fr\/?p=2641\" >\n\t\t\t\tD\u00e9coupe d&rsquo;une cuve de 6000L en fosse\t\t\t<\/a>\n\t\t<\/h4>\n\t\t\t\t<div class=\"elementor-post__excerpt\">\n\t\t\t<p>Vidange, nettoyage, d\u00e9gazage et d\u00e9coupe d&rsquo;une cuve fioul de 6000L en fosse \u00e0 68500 Berrwiller le 27.03.2026<\/p>\n\t\t<\/div>\n\t\t\t\t<\/div>\n\t\t\t\t\t<\/div>\n\t\t<\/article>\n\t\t\t\t<article class=\"elementor-post elementor-grid-item post-2608 post type-post status-publish format-standard has-post-thumbnail hentry category-actualites\">\n\t\t\t<div class=\"elementor-post__card\">\n\t\t\t\t<a class=\"elementor-post__thumbnail__link\" href=\"https:\/\/fioultech.fr\/?p=2608\" tabindex=\"-1\" ><div class=\"elementor-post__thumbnail\"><img decoding=\"async\" width=\"1600\" height=\"738\" src=\"https:\/\/fioultech.fr\/wp-content\/uploads\/IMG-20220316-WA0013.jpg\" class=\"attachment-full size-full wp-image-2603\" alt=\"\" srcset=\"https:\/\/fioultech.fr\/wp-content\/uploads\/IMG-20220316-WA0013.jpg 1600w, https:\/\/fioultech.fr\/wp-content\/uploads\/IMG-20220316-WA0013-300x138.jpg 300w, https:\/\/fioultech.fr\/wp-content\/uploads\/IMG-20220316-WA0013-1024x472.jpg 1024w, https:\/\/fioultech.fr\/wp-content\/uploads\/IMG-20220316-WA0013-768x354.jpg 768w, https:\/\/fioultech.fr\/wp-content\/uploads\/IMG-20220316-WA0013-1536x708.jpg 1536w\" sizes=\"(max-width: 1600px) 100vw, 1600px\" \/><\/div><\/a>\n\t\t\t\t<div class=\"elementor-post__text\">\n\t\t\t\t<h4 class=\"elementor-post__title\">\n\t\t\t<a href=\"https:\/\/fioultech.fr\/?p=2608\" >\n\t\t\t\tNeutralisation d&rsquo;une cuve enterr\u00e9e par du b\u00e9ton\t\t\t<\/a>\n\t\t<\/h4>\n\t\t\t\t<div class=\"elementor-post__excerpt\">\n\t\t\t<p>Comblement d&rsquo;une cuve fioul enterr\u00e9e par du b\u00e9ton avec un camion toupie \u00e9quip\u00e9 d&rsquo;une pompe \u00e0 b\u00e9ton sur Belfort le 17.03.2026<\/p>\n\t\t<\/div>\n\t\t\t\t<\/div>\n\t\t\t\t\t<\/div>\n\t\t<\/article>\n\t\t\t\t<article class=\"elementor-post elementor-grid-item post-2445 post type-post status-publish format-standard has-post-thumbnail hentry category-actualites\">\n\t\t\t<div class=\"elementor-post__card\">\n\t\t\t\t<a class=\"elementor-post__thumbnail__link\" href=\"https:\/\/fioultech.fr\/?p=2445\" tabindex=\"-1\" ><div class=\"elementor-post__thumbnail\"><img loading=\"lazy\" decoding=\"async\" width=\"1920\" height=\"2560\" src=\"https:\/\/fioultech.fr\/wp-content\/uploads\/IMG_6551-scaled.jpeg\" class=\"attachment-full size-full wp-image-2446\" alt=\"\" srcset=\"https:\/\/fioultech.fr\/wp-content\/uploads\/IMG_6551-scaled.jpeg 1920w, https:\/\/fioultech.fr\/wp-content\/uploads\/IMG_6551-225x300.jpeg 225w, https:\/\/fioultech.fr\/wp-content\/uploads\/IMG_6551-768x1024.jpeg 768w, https:\/\/fioultech.fr\/wp-content\/uploads\/IMG_6551-1152x1536.jpeg 1152w, https:\/\/fioultech.fr\/wp-content\/uploads\/IMG_6551-1536x2048.jpeg 1536w\" sizes=\"(max-width: 1920px) 100vw, 1920px\" \/><\/div><\/a>\n\t\t\t\t<div class=\"elementor-post__text\">\n\t\t\t\t<h4 class=\"elementor-post__title\">\n\t\t\t<a href=\"https:\/\/fioultech.fr\/?p=2445\" >\n\t\t\t\tD\u00e9coupe d&rsquo;une cuve fioul 8 000L cylindrique\t\t\t<\/a>\n\t\t<\/h4>\n\t\t\t\t<div class=\"elementor-post__excerpt\">\n\t\t\t<p>D\u00e9coupe d&rsquo;une cuve 8 000L cylindrique perc\u00e9e avec une installation provisoire d&rsquo;une cuve 700L \u00e0 Colmar le 09.10.2024<\/p>\n\t\t<\/div>\n\t\t\t\t<\/div>\n\t\t\t\t\t<\/div>\n\t\t<\/article>\n\t\t\t\t<article class=\"elementor-post elementor-grid-item post-2427 post type-post status-publish format-standard has-post-thumbnail hentry category-actualites\">\n\t\t\t<div class=\"elementor-post__card\">\n\t\t\t\t<a class=\"elementor-post__thumbnail__link\" href=\"https:\/\/fioultech.fr\/?p=2427\" tabindex=\"-1\" ><div class=\"elementor-post__thumbnail\"><img loading=\"lazy\" decoding=\"async\" width=\"480\" height=\"640\" src=\"https:\/\/fioultech.fr\/wp-content\/uploads\/IMG_8250-rotated.jpg\" class=\"attachment-full size-full wp-image-2435\" alt=\"\" srcset=\"https:\/\/fioultech.fr\/wp-content\/uploads\/IMG_8250-rotated.jpg 480w, https:\/\/fioultech.fr\/wp-content\/uploads\/IMG_8250-225x300.jpg 225w\" sizes=\"(max-width: 480px) 100vw, 480px\" \/><\/div><\/a>\n\t\t\t\t<div class=\"elementor-post__text\">\n\t\t\t\t<h4 class=\"elementor-post__title\">\n\t\t\t<a href=\"https:\/\/fioultech.fr\/?p=2427\" >\n\t\t\t\tD\u00e9coupe d&rsquo;une cuve fioul 4 000L cylindrique\t\t\t<\/a>\n\t\t<\/h4>\n\t\t\t\t<div class=\"elementor-post__excerpt\">\n\t\t\t<p>D\u00e9coupe d&rsquo;une cuve fioul 4 000L cylindrique sur Hochfelden le 03.10.2024<\/p>\n\t\t<\/div>\n\t\t\t\t<\/div>\n\t\t\t\t\t<\/div>\n\t\t<\/article>\n\t\t\t\t<\/div>\n\t\t\n\t\t\t\t<\/div>\n\t\t\t\t<\/div>\n\t\t\t\t\t<\/div>\n\t\t\t\t<\/div>\n\t\t<div class=\"elementor-element elementor-element-74ae7bb8 e-flex e-con-boxed e-con e-parent\" data-id=\"74ae7bb8\" data-element_type=\"container\" data-settings=\"{&quot;background_background&quot;:&quot;classic&quot;}\">\n\t\t\t\t\t<div class=\"e-con-inner\">\n\t\t<div class=\"elementor-element elementor-element-63046bd5 e-con-full e-flex e-con e-child\" data-id=\"63046bd5\" data-element_type=\"container\">\n\t\t\t\t<div class=\"elementor-element elementor-element-682082bf elementor-invisible elementor-widget elementor-widget-heading\" data-id=\"682082bf\" data-element_type=\"widget\" data-settings=\"{&quot;_animation&quot;:&quot;fadeIn&quot;}\" data-widget_type=\"heading.default\">\n\t\t\t\t<div class=\"elementor-widget-container\">\n\t\t\t<h2 class=\"elementor-heading-title elementor-size-default\">Salon \u00c9nergie Habitat : Nous y sommes !<\/h2>\t\t<\/div>\n\t\t\t\t<\/div>\n\t\t\t\t<div class=\"elementor-element elementor-element-5983eb6b elementor-widget elementor-widget-text-editor\" data-id=\"5983eb6b\" data-element_type=\"widget\" data-widget_type=\"text-editor.default\">\n\t\t\t\t<div class=\"elementor-widget-container\">\n\t\t\t\t\t\t\t<p>Nous serons pr\u00e9sents au Salon \u00c9nergie Habitat du 20 au 23 mars, Hall 2 ! Venez nous rencontrer, nous avons h\u00e2te de vous accueillir et de partager nos solutions avec vous. \u00c0 tr\u00e8s vite !<\/p>\t\t\t\t\t\t<\/div>\n\t\t\t\t<\/div>\n\t\t\t\t<\/div>\n\t\t<div class=\"elementor-element elementor-element-59787b3f e-con-full e-flex e-con e-child\" data-id=\"59787b3f\" data-element_type=\"container\">\n\t\t\t\t<div class=\"elementor-element elementor-element-30114351 elementor-widget elementor-widget-image\" data-id=\"30114351\" data-element_type=\"widget\" data-widget_type=\"image.default\">\n\t\t\t\t<div class=\"elementor-widget-container\">\n\t\t\t<style>\/*! elementor - v3.21.0 - 18-04-2024 *\/\n.elementor-widget-image{text-align:center}.elementor-widget-image a{display:inline-block}.elementor-widget-image a img[src$=\".svg\"]{width:48px}.elementor-widget-image img{vertical-align:middle;display:inline-block}<\/style>\t\t\t\t\t\t\t\t\t\t<img loading=\"lazy\" decoding=\"async\" width=\"800\" height=\"450\" src=\"https:\/\/fioultech.fr\/wp-content\/uploads\/336168118_1173134503395219_5986703873399367034_n-1024x576.jpg\" class=\"attachment-large size-large wp-image-2584\" alt=\"\" srcset=\"https:\/\/fioultech.fr\/wp-content\/uploads\/336168118_1173134503395219_5986703873399367034_n-1024x576.jpg 1024w, https:\/\/fioultech.fr\/wp-content\/uploads\/336168118_1173134503395219_5986703873399367034_n-300x169.jpg 300w, https:\/\/fioultech.fr\/wp-content\/uploads\/336168118_1173134503395219_5986703873399367034_n-768x432.jpg 768w, https:\/\/fioultech.fr\/wp-content\/uploads\/336168118_1173134503395219_5986703873399367034_n-1536x864.jpg 1536w, https:\/\/fioultech.fr\/wp-content\/uploads\/336168118_1173134503395219_5986703873399367034_n.jpg 2048w\" sizes=\"(max-width: 800px) 100vw, 800px\" \/>\t\t\t\t\t\t\t\t\t\t\t\t\t<\/div>\n\t\t\t\t<\/div>\n\t\t\t\t<\/div>\n\t\t\t\t\t<\/div>\n\t\t\t\t<\/div>\n\t\t\t\t<\/div>\n\t\t","protected":false},"excerpt":{"rendered":"<p>Suivez le meilleur de notre actualit\u00e9 D\u00e9couvrez nos derni\u00e8res poses, salons et autres \u00e9v\u00e8nements \u00e0 venir\u00a0 Salon \u00c9nergie Habitat : Nous y sommes ! Nous serons pr\u00e9sents au Salon \u00c9nergie Habitat du 20 au 23 mars, Hall 2 ! Venez nous rencontrer, nous avons h\u00e2te de vous accueillir et de partager nos solutions avec vous. [&hellip;]<\/p>\n","protected":false},"author":1,"featured_media":0,"parent":0,"menu_order":0,"comment_status":"closed","ping_status":"closed","template":"","meta":{"_uag_custom_page_level_css":"","footnotes":""},"class_list":["post-2423","page","type-page","status-publish","hentry"],"uagb_featured_image_src":{"full":false,"thumbnail":false,"medium":false,"medium_large":false,"large":false,"1536x1536":false,"2048x2048":false},"uagb_author_info":{"display_name":"Fioultech","author_link":"https:\/\/fioultech.fr\/?author=1"},"uagb_comment_info":0,"uagb_excerpt":"Suivez le meilleur de notre actualit\u00e9 D\u00e9couvrez nos derni\u00e8res poses, salons et autres \u00e9v\u00e8nements \u00e0 venir\u00a0 Salon \u00c9nergie Habitat : Nous y sommes ! Nous serons pr\u00e9sents au Salon \u00c9nergie Habitat du 20 au 23 mars, Hall 2 ! Venez nous rencontrer, nous avons h\u00e2te de vous accueillir et de partager nos solutions avec vous.\u2026","_links":{"self":[{"href":"https:\/\/fioultech.fr\/index.php?rest_route=\/wp\/v2\/pages\/2423","targetHints":{"allow":["GET"]}}],"collection":[{"href":"https:\/\/fioultech.fr\/index.php?rest_route=\/wp\/v2\/pages"}],"about":[{"href":"https:\/\/fioultech.fr\/index.php?rest_route=\/wp\/v2\/types\/page"}],"author":[{"embeddable":true,"href":"https:\/\/fioultech.fr\/index.php?rest_route=\/wp\/v2\/users\/1"}],"replies":[{"embeddable":true,"href":"https:\/\/fioultech.fr\/index.php?rest_route=%2Fwp%2Fv2%2Fcomments&post=2423"}],"version-history":[{"count":14,"href":"https:\/\/fioultech.fr\/index.php?rest_route=\/wp\/v2\/pages\/2423\/revisions"}],"predecessor-version":[{"id":2619,"href":"https:\/\/fioultech.fr\/index.php?rest_route=\/wp\/v2\/pages\/2423\/revisions\/2619"}],"wp:attachment":[{"href":"https:\/\/fioultech.fr\/index.php?rest_route=%2Fwp%2Fv2%2Fmedia&parent=2423"}],"curies":[{"name":"wp","href":"https:\/\/api.w.org\/{rel}","templated":true}]}}